{"id":2450,"date":"2024-11-27T15:41:18","date_gmt":"2024-11-27T14:41:18","guid":{"rendered":"https:\/\/developer8.cease.es\/almenara\/que-hacemos\/financial-advisory\/"},"modified":"2025-01-24T09:14:05","modified_gmt":"2025-01-24T08:14:05","slug":"asesoramiento-financiero","status":"publish","type":"page","link":"https:\/\/almenaracapitalpartners.com\/es\/que-hacemos\/asesoramiento-financiero\/","title":{"rendered":"Asesoramiento Financiero | Almenara Capital Partners"},"content":{"rendered":"\t\t<div data-elementor-type=\"wp-page\" data-elementor-id=\"2450\" class=\"elementor elementor-2450 elementor-876\" data-elementor-post-type=\"page\">\n\t\t\t\t<div class=\"elementor-element elementor-element-367b52e elementor-hidden-widescreen elementor-hidden-desktop elementor-hidden-laptop elementor-hidden-tablet e-flex e-con-boxed e-con e-parent\" data-id=\"367b52e\" data-element_type=\"container\" data-settings=\"{&quot;background_background&quot;:&quot;video&quot;,&quot;background_video_link&quot;:&quot;https:\\\/\\\/almenaracapitalpartners.com\\\/wp-content\\\/uploads\\\/2024\\\/12\\\/7021955_Handshake_Meeting_1920x1080.mp4&quot;,&quot;background_play_on_mobile&quot;:&quot;yes&quot;}\">\n\t\t\t\t\t<div class=\"e-con-inner\">\n\t\t<div class=\"elementor-background-video-container\">\n\t\t\t\t\t\t\t<video class=\"elementor-background-video-hosted elementor-html5-video\" autoplay muted playsinline loop><\/video>\n\t\t\t\t\t<\/div>\t\t\t<\/div>\n\t\t\t\t<\/div>\n\t\t<div class=\"elementor-element elementor-element-4b8213b e-flex e-con-boxed e-con e-parent\" data-id=\"4b8213b\" data-element_type=\"container\" data-settings=\"{&quot;background_background&quot;:&quot;classic&quot;}\">\n\t\t\t\t\t<div class=\"e-con-inner\">\n\t\t<div class=\"elementor-element elementor-element-fa6f47b e-con-full e-flex e-con e-child\" data-id=\"fa6f47b\" data-element_type=\"container\">\n\t\t<div class=\"elementor-element elementor-element-a9c5483 e-con-full e-flex e-con e-child\" data-id=\"a9c5483\" data-element_type=\"container\">\n\t\t<div class=\"elementor-element elementor-element-e67d996 e-con-full e-flex e-con e-child\" data-id=\"e67d996\" data-element_type=\"container\">\n\t\t\t\t<div class=\"elementor-element-custom_font_size elementor-element-custom_font_family elementor-element-custom_font_weight elementor-element-custom_color elementor-element elementor-element-390f8de elementor-widget elementor-widget-text-editor\" data-id=\"390f8de\" data-element_type=\"widget\" data-widget_type=\"text-editor.default\">\n\t\t\t\t<div class=\"elementor-widget-container\">\n\t\t\t\t\t\t\t<p><a href=\"https:\/\/almenaracapitalpartners.com\/es\/que-hacemos\/\"><strong>\u00bfQU\u00c9 HACEMOS?<\/strong><\/a> &gt; Asesoramiento Financiero<\/p>\t\t\t\t\t\t<\/div>\n\t\t\t\t<\/div>\n\t\t\t\t<\/div>\n\t\t\t\t<div class=\"elementor-element elementor-element-fff89b5 elementor-widget__width-inherit elementor-widget elementor-widget-heading\" data-id=\"fff89b5\" data-element_type=\"widget\" data-widget_type=\"heading.default\">\n\t\t\t\t<div class=\"elementor-widget-container\">\n\t\t\t<h1 class=\"elementor-heading-title elementor-size-default\">Asesoramiento Financiero<\/h1>\t\t<\/div>\n\t\t\t\t<\/div>\n\t\t\t\t<div class=\"elementor-element-custom_font_size elementor-element-custom_line_height elementor-element-custom_font_family elementor-element-custom_font_weight elementor-element-custom_color elementor-element elementor-element-f567697 elementor-widget__width-initial elementor-widget elementor-widget-text-editor\" data-id=\"f567697\" data-element_type=\"widget\" data-widget_type=\"text-editor.default\">\n\t\t\t\t<div class=\"elementor-widget-container\">\n\t\t\t\t\t\t\t<p>En la unidad de Asesor\u00eda Financiera de Almenara, nuestra experiencia y adaptabilidad rentan resultados excepcionales.<\/p>\n<p>Nuestra misi\u00f3n es ofrecer servicios de asesor\u00eda integral adaptados a las necesidades \u00fanicas de cada cliente. <b>Proporcionamos a gestores de fondos (de capital privado y p\u00fablico), propietarios de negocios e inversores privados las herramientas necesarias para tomar decisiones informadas y superar expectativas.<\/b><\/p>\n<p>Aprovechando nuestro profundo conocimiento de la industria, ofrecemos un amplio espectro de servicios relacionados con la asesor\u00eda y la banca de inversi\u00f3n, garantizando soluciones sofisticadas alineadas con objetivos estrat\u00e9gicos:<\/p>\t\t\t\t\t\t<\/div>\n\t\t\t\t<\/div>\n\t\t\t\t<div class=\"elementor-element-custom_font_size elementor-element-custom_line_height elementor-element-custom_font_family elementor-element-custom_font_weight elementor-element-custom_color elementor-element elementor-element-c01ab39 elementor-widget__width-initial elementor-widget elementor-widget-text-editor\" data-id=\"c01ab39\" data-element_type=\"widget\" data-widget_type=\"text-editor.default\">\n\t\t\t\t<div class=\"elementor-widget-container\">\n\t\t\t\t\t\t\t<ul><li><strong>An\u00e1lisis empresarial integral. <\/strong>Proporcionamos a los propietarios y gerentes de empresas una comprensi\u00f3n m\u00e1s profunda de su salud financiera, lo que permite una mejor toma de decisiones, una mayor eficiencia operativa y un aumento de la rentabilidad.<\/li><li><strong>Consultor\u00eda financiera estrat\u00e9gica. <\/strong>Nuestro an\u00e1lisis financiero independiente ofrece una perspectiva externa imparcial, brindando a las empresas no solo una evaluaci\u00f3n interna, sino tambi\u00e9n valiosos conocimientos del mercado. Ayudamos a identificar oportunidades de crecimiento, mejorar la posici\u00f3n competitiva y gestionar riesgos en entornos din\u00e1micos.<\/li><li><strong>Fusiones y adquisiciones. <\/strong>Ofrecemos servicios de valoraci\u00f3n y evaluamos ofertas para compradores\/vendedores con informaci\u00f3n basada en datos. Fomentamos la colaboraci\u00f3n mediando entre las partes, asegurando una comprensi\u00f3n clara de las oportunidades y riesgos.<\/li><li><strong>Estructuraci\u00f3n y lanzamiento de fondos privados y veh\u00edculos. <\/strong>Nos especializamos en la creaci\u00f3n y lanzamiento de nuevos veh\u00edculos de inversi\u00f3n dise\u00f1ados con estructuras eficientes y sin riesgos que cumplen con los est\u00e1ndares regulatorios globales. Trabajamos en Espa\u00f1a, UK y Luxemburgo.<\/li><li><strong>Servicios de an\u00e1lisis y valoraci\u00f3n para fondos y para carteras de inversores privados. <\/strong>Ofrecemos an\u00e1lisis peri\u00f3dico, estudios de mercado, valoraci\u00f3n de activos y servicios de asesor\u00eda a aquellos fondos e inversores privados que buscan seguir de cerca, controlar y mejorar la evoluci\u00f3n empresarial de sus participadas.<\/li><\/ul>\t\t\t\t\t\t<\/div>\n\t\t\t\t<\/div>\n\t\t\t\t<\/div>\n\t\t\t\t<\/div>\n\t\t<div class=\"elementor-element elementor-element-8c8f4d7 e-con-full elementor-hidden-tablet elementor-hidden-mobile e-flex e-con e-child\" data-id=\"8c8f4d7\" data-element_type=\"container\" data-settings=\"{&quot;background_background&quot;:&quot;video&quot;,&quot;background_video_link&quot;:&quot;https:\\\/\\\/almenaracapitalpartners.com\\\/wp-content\\\/uploads\\\/2024\\\/12\\\/7021955_Handshake_Meeting_1920x1080.mp4&quot;,&quot;background_play_on_mobile&quot;:&quot;yes&quot;}\">\n\t\t<div class=\"elementor-background-video-container\">\n\t\t\t\t\t\t\t<video class=\"elementor-background-video-hosted elementor-html5-video\" autoplay muted playsinline loop><\/video>\n\t\t\t\t\t<\/div>\t\t<\/div>\n\t\t\t\t<div class=\"elementor-element elementor-element-d4f61b3 elementor-widget__width-initial elementor-widget elementor-widget-heading\" data-id=\"d4f61b3\" data-element_type=\"widget\" data-widget_type=\"heading.default\">\n\t\t\t\t<div class=\"elementor-widget-container\">\n\t\t\t<h2 class=\"elementor-heading-title elementor-size-default\">Tu visi\u00f3n es nuestra misi\u00f3n. As\u00f3ciate con nosotros para navegar las complejidades financieras y desbloquear el potencial completo de tu negocio.<\/h2>\t\t<\/div>\n\t\t\t\t<\/div>\n\t\t\t\t\t<\/div>\n\t\t\t\t<\/div>\n\t\t\t\t<\/div>\n\t\t","protected":false},"excerpt":{"rendered":"<p>\u00bfQU\u00c9 HACEMOS? &gt; Asesoramiento Financiero Asesoramiento Financiero En la unidad de Asesor\u00eda Financiera de Almenara, nuestra experiencia y adaptabilidad rentan resultados excepcionales. Nuestra misi\u00f3n es ofrecer servicios de asesor\u00eda integral adaptados a las necesidades \u00fanicas de cada cliente. Proporcionamos a gestores de fondos (de capital privado y p\u00fablico), propietarios de negocios e inversores privados las [&hellip;]<\/p>\n","protected":false},"author":1,"featured_media":3663,"parent":2311,"menu_order":0,"comment_status":"closed","ping_status":"closed","template":"","meta":{"footnotes":""},"class_list":["post-2450","page","type-page","status-publish","has-post-thumbnail","hentry"],"yoast_head":"<!-- This site is optimized with the Yoast SEO plugin v27.4 - https:\/\/yoast.com\/product\/yoast-seo-wordpress\/ -->\n<title>Asesoramiento Financiero | Almenara Capital Partners<\/title>\n<meta name=\"description\" content=\"Almenara ofrece servicios expertos de asesoramiento financiero para orientar sus inversiones y optimizar sus estrategias de gesti\u00f3n patrimonial.\" \/>\n<meta name=\"robots\" content=\"index, follow, max-snippet:-1, max-image-preview:large, max-video-preview:-1\" \/>\n<link rel=\"canonical\" href=\"https:\/\/almenaracapitalpartners.com\/es\/que-hacemos\/asesoramiento-financiero\/\" \/>\n<meta property=\"og:locale\" content=\"es_ES\" \/>\n<meta property=\"og:type\" content=\"article\" \/>\n<meta property=\"og:title\" content=\"Asesoramiento Financiero | Almenara Capital Partners\" \/>\n<meta property=\"og:description\" content=\"Almenara ofrece servicios expertos de asesoramiento financiero para orientar sus inversiones y optimizar sus estrategias de gesti\u00f3n patrimonial.\" \/>\n<meta property=\"og:url\" content=\"https:\/\/almenaracapitalpartners.com\/es\/que-hacemos\/asesoramiento-financiero\/\" \/>\n<meta property=\"og:site_name\" content=\"Boutique de inversi\u00f3n | Almenara Capital Partners\" \/>\n<meta property=\"article:modified_time\" content=\"2025-01-24T08:14:05+00:00\" \/>\n<meta property=\"og:image\" content=\"https:\/\/almenaracapitalpartners.com\/wp-content\/uploads\/2025\/01\/Logo-redes.jpg\" \/>\n\t<meta property=\"og:image:width\" content=\"300\" \/>\n\t<meta property=\"og:image:height\" content=\"300\" \/>\n\t<meta property=\"og:image:type\" content=\"image\/jpeg\" \/>\n<meta name=\"twitter:card\" content=\"summary_large_image\" \/>\n<meta name=\"twitter:image\" content=\"https:\/\/almenaracapitalpartners.com\/wp-content\/uploads\/2025\/01\/Logo-redes.jpg\" \/>\n<meta name=\"twitter:label1\" content=\"Tiempo de lectura\" \/>\n\t<meta name=\"twitter:data1\" content=\"2 minutos\" \/>\n<script type=\"application\/ld+json\" class=\"yoast-schema-graph\">{\"@context\":\"https:\\\/\\\/schema.org\",\"@graph\":[{\"@type\":\"WebPage\",\"@id\":\"https:\\\/\\\/almenaracapitalpartners.com\\\/es\\\/que-hacemos\\\/asesoramiento-financiero\\\/\",\"url\":\"https:\\\/\\\/almenaracapitalpartners.com\\\/es\\\/que-hacemos\\\/asesoramiento-financiero\\\/\",\"name\":\"Asesoramiento Financiero | Almenara Capital Partners\",\"isPartOf\":{\"@id\":\"https:\\\/\\\/almenaracapitalpartners.com\\\/#website\"},\"primaryImageOfPage\":{\"@id\":\"https:\\\/\\\/almenaracapitalpartners.com\\\/es\\\/que-hacemos\\\/asesoramiento-financiero\\\/#primaryimage\"},\"image\":{\"@id\":\"https:\\\/\\\/almenaracapitalpartners.com\\\/es\\\/que-hacemos\\\/asesoramiento-financiero\\\/#primaryimage\"},\"thumbnailUrl\":\"https:\\\/\\\/almenaracapitalpartners.com\\\/wp-content\\\/uploads\\\/2025\\\/01\\\/Logo-redes.jpg\",\"datePublished\":\"2024-11-27T14:41:18+00:00\",\"dateModified\":\"2025-01-24T08:14:05+00:00\",\"description\":\"Almenara ofrece servicios expertos de asesoramiento financiero para orientar sus inversiones y optimizar sus estrategias de gesti\u00f3n patrimonial.\",\"breadcrumb\":{\"@id\":\"https:\\\/\\\/almenaracapitalpartners.com\\\/es\\\/que-hacemos\\\/asesoramiento-financiero\\\/#breadcrumb\"},\"inLanguage\":\"es\",\"potentialAction\":[{\"@type\":\"ReadAction\",\"target\":[\"https:\\\/\\\/almenaracapitalpartners.com\\\/es\\\/que-hacemos\\\/asesoramiento-financiero\\\/\"]}]},{\"@type\":\"ImageObject\",\"inLanguage\":\"es\",\"@id\":\"https:\\\/\\\/almenaracapitalpartners.com\\\/es\\\/que-hacemos\\\/asesoramiento-financiero\\\/#primaryimage\",\"url\":\"https:\\\/\\\/almenaracapitalpartners.com\\\/wp-content\\\/uploads\\\/2025\\\/01\\\/Logo-redes.jpg\",\"contentUrl\":\"https:\\\/\\\/almenaracapitalpartners.com\\\/wp-content\\\/uploads\\\/2025\\\/01\\\/Logo-redes.jpg\",\"width\":300,\"height\":300},{\"@type\":\"BreadcrumbList\",\"@id\":\"https:\\\/\\\/almenaracapitalpartners.com\\\/es\\\/que-hacemos\\\/asesoramiento-financiero\\\/#breadcrumb\",\"itemListElement\":[{\"@type\":\"ListItem\",\"position\":1,\"name\":\"Portada\",\"item\":\"https:\\\/\\\/almenaracapitalpartners.com\\\/es\\\/\"},{\"@type\":\"ListItem\",\"position\":2,\"name\":\"Almenara Capital Partners | \u00bfQu\u00e9 hacemos?\",\"item\":\"https:\\\/\\\/almenaracapitalpartners.com\\\/es\\\/que-hacemos\\\/\"},{\"@type\":\"ListItem\",\"position\":3,\"name\":\"Asesoramiento Financiero | Almenara Capital Partners\"}]},{\"@type\":\"WebSite\",\"@id\":\"https:\\\/\\\/almenaracapitalpartners.com\\\/#website\",\"url\":\"https:\\\/\\\/almenaracapitalpartners.com\\\/\",\"name\":\"Boutique de inversi\u00f3n | Almenara Capital Partners\",\"description\":\"\",\"potentialAction\":[{\"@type\":\"SearchAction\",\"target\":{\"@type\":\"EntryPoint\",\"urlTemplate\":\"https:\\\/\\\/almenaracapitalpartners.com\\\/?s={search_term_string}\"},\"query-input\":{\"@type\":\"PropertyValueSpecification\",\"valueRequired\":true,\"valueName\":\"search_term_string\"}}],\"inLanguage\":\"es\"}]}<\/script>\n<!-- \/ Yoast SEO plugin. -->","yoast_head_json":{"title":"Asesoramiento Financiero | Almenara Capital Partners","description":"Almenara ofrece servicios expertos de asesoramiento financiero para orientar sus inversiones y optimizar sus estrategias de gesti\u00f3n patrimonial.","robots":{"index":"index","follow":"follow","max-snippet":"max-snippet:-1","max-image-preview":"max-image-preview:large","max-video-preview":"max-video-preview:-1"},"canonical":"https:\/\/almenaracapitalpartners.com\/es\/que-hacemos\/asesoramiento-financiero\/","og_locale":"es_ES","og_type":"article","og_title":"Asesoramiento Financiero | Almenara Capital Partners","og_description":"Almenara ofrece servicios expertos de asesoramiento financiero para orientar sus inversiones y optimizar sus estrategias de gesti\u00f3n patrimonial.","og_url":"https:\/\/almenaracapitalpartners.com\/es\/que-hacemos\/asesoramiento-financiero\/","og_site_name":"Boutique de inversi\u00f3n | Almenara Capital Partners","article_modified_time":"2025-01-24T08:14:05+00:00","og_image":[{"width":300,"height":300,"url":"https:\/\/almenaracapitalpartners.com\/wp-content\/uploads\/2025\/01\/Logo-redes.jpg","type":"image\/jpeg"}],"twitter_card":"summary_large_image","twitter_image":"https:\/\/almenaracapitalpartners.com\/wp-content\/uploads\/2025\/01\/Logo-redes.jpg","twitter_misc":{"Tiempo de lectura":"2 minutos"},"schema":{"@context":"https:\/\/schema.org","@graph":[{"@type":"WebPage","@id":"https:\/\/almenaracapitalpartners.com\/es\/que-hacemos\/asesoramiento-financiero\/","url":"https:\/\/almenaracapitalpartners.com\/es\/que-hacemos\/asesoramiento-financiero\/","name":"Asesoramiento Financiero | Almenara Capital Partners","isPartOf":{"@id":"https:\/\/almenaracapitalpartners.com\/#website"},"primaryImageOfPage":{"@id":"https:\/\/almenaracapitalpartners.com\/es\/que-hacemos\/asesoramiento-financiero\/#primaryimage"},"image":{"@id":"https:\/\/almenaracapitalpartners.com\/es\/que-hacemos\/asesoramiento-financiero\/#primaryimage"},"thumbnailUrl":"https:\/\/almenaracapitalpartners.com\/wp-content\/uploads\/2025\/01\/Logo-redes.jpg","datePublished":"2024-11-27T14:41:18+00:00","dateModified":"2025-01-24T08:14:05+00:00","description":"Almenara ofrece servicios expertos de asesoramiento financiero para orientar sus inversiones y optimizar sus estrategias de gesti\u00f3n patrimonial.","breadcrumb":{"@id":"https:\/\/almenaracapitalpartners.com\/es\/que-hacemos\/asesoramiento-financiero\/#breadcrumb"},"inLanguage":"es","potentialAction":[{"@type":"ReadAction","target":["https:\/\/almenaracapitalpartners.com\/es\/que-hacemos\/asesoramiento-financiero\/"]}]},{"@type":"ImageObject","inLanguage":"es","@id":"https:\/\/almenaracapitalpartners.com\/es\/que-hacemos\/asesoramiento-financiero\/#primaryimage","url":"https:\/\/almenaracapitalpartners.com\/wp-content\/uploads\/2025\/01\/Logo-redes.jpg","contentUrl":"https:\/\/almenaracapitalpartners.com\/wp-content\/uploads\/2025\/01\/Logo-redes.jpg","width":300,"height":300},{"@type":"BreadcrumbList","@id":"https:\/\/almenaracapitalpartners.com\/es\/que-hacemos\/asesoramiento-financiero\/#breadcrumb","itemListElement":[{"@type":"ListItem","position":1,"name":"Portada","item":"https:\/\/almenaracapitalpartners.com\/es\/"},{"@type":"ListItem","position":2,"name":"Almenara Capital Partners | \u00bfQu\u00e9 hacemos?","item":"https:\/\/almenaracapitalpartners.com\/es\/que-hacemos\/"},{"@type":"ListItem","position":3,"name":"Asesoramiento Financiero | Almenara Capital Partners"}]},{"@type":"WebSite","@id":"https:\/\/almenaracapitalpartners.com\/#website","url":"https:\/\/almenaracapitalpartners.com\/","name":"Boutique de inversi\u00f3n | Almenara Capital Partners","description":"","potentialAction":[{"@type":"SearchAction","target":{"@type":"EntryPoint","urlTemplate":"https:\/\/almenaracapitalpartners.com\/?s={search_term_string}"},"query-input":{"@type":"PropertyValueSpecification","valueRequired":true,"valueName":"search_term_string"}}],"inLanguage":"es"}]}},"_links":{"self":[{"href":"https:\/\/almenaracapitalpartners.com\/es\/wp-json\/wp\/v2\/pages\/2450","targetHints":{"allow":["GET"]}}],"collection":[{"href":"https:\/\/almenaracapitalpartners.com\/es\/wp-json\/wp\/v2\/pages"}],"about":[{"href":"https:\/\/almenaracapitalpartners.com\/es\/wp-json\/wp\/v2\/types\/page"}],"author":[{"embeddable":true,"href":"https:\/\/almenaracapitalpartners.com\/es\/wp-json\/wp\/v2\/users\/1"}],"replies":[{"embeddable":true,"href":"https:\/\/almenaracapitalpartners.com\/es\/wp-json\/wp\/v2\/comments?post=2450"}],"version-history":[{"count":18,"href":"https:\/\/almenaracapitalpartners.com\/es\/wp-json\/wp\/v2\/pages\/2450\/revisions"}],"predecessor-version":[{"id":3675,"href":"https:\/\/almenaracapitalpartners.com\/es\/wp-json\/wp\/v2\/pages\/2450\/revisions\/3675"}],"up":[{"embeddable":true,"href":"https:\/\/almenaracapitalpartners.com\/es\/wp-json\/wp\/v2\/pages\/2311"}],"wp:featuredmedia":[{"embeddable":true,"href":"https:\/\/almenaracapitalpartners.com\/es\/wp-json\/wp\/v2\/media\/3663"}],"wp:attachment":[{"href":"https:\/\/almenaracapitalpartners.com\/es\/wp-json\/wp\/v2\/media?parent=2450"}],"curies":[{"name":"wp","href":"https:\/\/api.w.org\/{rel}","templated":true}]}}