{"id":2449,"date":"2024-11-27T13:57:56","date_gmt":"2024-11-27T12:57:56","guid":{"rendered":"https:\/\/developer8.cease.es\/almenara\/que-hacemos\/private-banking\/"},"modified":"2025-01-24T09:13:51","modified_gmt":"2025-01-24T08:13:51","slug":"banca-privada","status":"publish","type":"page","link":"https:\/\/almenaracapitalpartners.com\/es\/que-hacemos\/banca-privada\/","title":{"rendered":"Banca Privada | Almenara Capital Partners"},"content":{"rendered":"\t\t<div data-elementor-type=\"wp-page\" data-elementor-id=\"2449\" class=\"elementor elementor-2449 elementor-826\" data-elementor-post-type=\"page\">\n\t\t\t\t<div class=\"elementor-element elementor-element-6421cbc elementor-hidden-widescreen elementor-hidden-desktop elementor-hidden-laptop elementor-hidden-tablet e-flex e-con-boxed e-con e-parent\" data-id=\"6421cbc\" data-element_type=\"container\" data-settings=\"{&quot;background_background&quot;:&quot;video&quot;,&quot;background_video_link&quot;:&quot;https:\\\/\\\/almenaracapitalpartners.com\\\/wp-content\\\/uploads\\\/2024\\\/12\\\/Diseno-sin-titulo-12.mp4&quot;,&quot;background_play_on_mobile&quot;:&quot;yes&quot;}\">\n\t\t\t\t\t<div class=\"e-con-inner\">\n\t\t<div class=\"elementor-background-video-container\">\n\t\t\t\t\t\t\t<video class=\"elementor-background-video-hosted elementor-html5-video\" autoplay muted playsinline loop><\/video>\n\t\t\t\t\t<\/div>\t\t\t<\/div>\n\t\t\t\t<\/div>\n\t\t<div class=\"elementor-element elementor-element-d46f175 e-flex e-con-boxed e-con e-parent\" data-id=\"d46f175\" data-element_type=\"container\" id=\"sliderContainer\" data-settings=\"{&quot;background_background&quot;:&quot;classic&quot;}\">\n\t\t\t\t\t<div class=\"e-con-inner\">\n\t\t<div class=\"elementor-element elementor-element-2a41f7d e-con-full e-flex e-con e-child\" data-id=\"2a41f7d\" data-element_type=\"container\">\n\t\t<div class=\"elementor-element elementor-element-0556d21 e-con-full e-flex e-con e-child\" data-id=\"0556d21\" data-element_type=\"container\">\n\t\t<div class=\"elementor-element elementor-element-895ac94 e-con-full e-flex e-con e-child\" data-id=\"895ac94\" data-element_type=\"container\">\n\t\t\t\t<div class=\"elementor-element-custom_font_size elementor-element-custom_font_family elementor-element-custom_font_weight elementor-element-custom_color elementor-element elementor-element-5f55ade elementor-widget elementor-widget-text-editor\" data-id=\"5f55ade\" data-element_type=\"widget\" data-widget_type=\"text-editor.default\">\n\t\t\t\t<div class=\"elementor-widget-container\">\n\t\t\t\t\t\t\t<p><a href=\"https:\/\/almenaracapitalpartners.com\/es\/que-hacemos\/\"><strong>\u00bfQU\u00c9 HACEMOS?<\/strong><\/a> &gt; Banca Privada<\/p>\t\t\t\t\t\t<\/div>\n\t\t\t\t<\/div>\n\t\t\t\t<\/div>\n\t\t\t\t<div class=\"elementor-element elementor-element-969b6a0 elementor-widget__width-inherit elementor-widget elementor-widget-heading\" data-id=\"969b6a0\" data-element_type=\"widget\" data-widget_type=\"heading.default\">\n\t\t\t\t<div class=\"elementor-widget-container\">\n\t\t\t<h1 class=\"elementor-heading-title elementor-size-default\">Banca Privada<\/h1>\t\t<\/div>\n\t\t\t\t<\/div>\n\t\t\t\t<div class=\"elementor-element-custom_font_size elementor-element-custom_line_height elementor-element-custom_font_family elementor-element-custom_font_weight elementor-element-custom_color elementor-element elementor-element-a554f55 elementor-widget__width-initial elementor-widget elementor-widget-text-editor\" data-id=\"a554f55\" data-element_type=\"widget\" data-widget_type=\"text-editor.default\">\n\t\t\t\t<div class=\"elementor-widget-container\">\n\t\t\t\t\t\t\t<p><strong>En Almenara, nuestra unidad de Banca Privada est\u00e1 dedicada a ayudar a nuestros clientes a preservar, hacer crecer y transmitir su patrimonio privado.<\/strong> Nuestra misi\u00f3n se centra en desarrollar estrategias personalizadas que garanticen estabilidad y crecimiento, alineadas con los objetivos financieros \u00fanicos de cada cliente.<\/p><p>Priorizamos la obtenci\u00f3n de retornos sostenibles a largo plazo mediante inversiones de bajo riesgo, asegurando una gesti\u00f3n patrimonial eficaz y adaptada a sus necesidades.<\/p>\t\t\t\t\t\t<\/div>\n\t\t\t\t<\/div>\n\t\t\t\t<div class=\"elementor-element-custom_font_size elementor-element-custom_line_height elementor-element-custom_font_family elementor-element-custom_font_weight elementor-element-custom_color elementor-element elementor-element-15b3a0c elementor-widget__width-initial elementor-widget elementor-widget-text-editor\" data-id=\"15b3a0c\" data-element_type=\"widget\" data-widget_type=\"text-editor.default\">\n\t\t\t\t<div class=\"elementor-widget-container\">\n\t\t\t\t\t\t\t<p>Para <b>inversores privados<\/b>, ofrecemos una amplia gama de soluciones de inversi\u00f3n dise\u00f1adas para optimizar el rendimiento de su cartera mientras gestionamos el riesgo. Nuestros expertos trabajan en estrecha colaboraci\u00f3n con usted para identificar oportunidades que se ajusten a sus aspiraciones financieras, ayud\u00e1ndole a navegar en mercados complejos y a construir una cartera diversificada.<\/p><p>Para <b>fundadores y emprendedores<\/b>, proporcionamos un soporte estrat\u00e9gico durante el crecimiento, adquisici\u00f3n o salida de sus negocios. En colaboraci\u00f3n con el equipo experto de ACP, le guiamos a trav\u00e9s de las complejidades de las transiciones empresariales. Nuestro conocimiento especializado se extiende a familias multigeneracionales, donde entendemos las din\u00e1micas \u00fanicas de la gesti\u00f3n del patrimonio a lo largo de generaciones. Asistimos a empresas familiares y fundaciones para garantizar una sucesi\u00f3n ordenada y efectiva.<\/p><p>Adem\u00e1s, nuestra experiencia con <b>family offices<\/b> nos permite coordinar la gesti\u00f3n de inversiones y planificaci\u00f3n adaptadas a las necesidades espec\u00edficas de cada familia, apoyando tanto el crecimiento empresarial como las iniciativas filantr\u00f3picas.<\/p>\t\t\t\t\t\t<\/div>\n\t\t\t\t<\/div>\n\t\t\t\t<\/div>\n\t\t\t\t<\/div>\n\t\t<div class=\"elementor-element elementor-element-747f4cb e-con-full elementor-hidden-tablet elementor-hidden-mobile e-flex e-con e-child\" data-id=\"747f4cb\" data-element_type=\"container\" data-settings=\"{&quot;background_background&quot;:&quot;video&quot;,&quot;background_video_link&quot;:&quot;https:\\\/\\\/almenaracapitalpartners.com\\\/wp-content\\\/uploads\\\/2024\\\/12\\\/Diseno-sin-titulo-13.mp4&quot;,&quot;background_play_on_mobile&quot;:&quot;yes&quot;}\">\n\t\t<div class=\"elementor-background-video-container\">\n\t\t\t\t\t\t\t<video class=\"elementor-background-video-hosted elementor-html5-video\" autoplay muted playsinline loop><\/video>\n\t\t\t\t\t<\/div>\t\t<\/div>\n\t\t\t\t<div class=\"elementor-element elementor-element-e423683 elementor-widget__width-initial elementor-widget elementor-widget-heading\" data-id=\"e423683\" data-element_type=\"widget\" data-widget_type=\"heading.default\">\n\t\t\t\t<div class=\"elementor-widget-container\">\n\t\t\t<h2 class=\"elementor-heading-title elementor-size-default\">\u00bfListo para dar el siguiente paso en la gesti\u00f3n de su patrimonio?<br>Cont\u00e1ctenos y descubra c\u00f3mo Almenara puede ayudarle a alcanzar sus objetivos financieros.<\/h2>\t\t<\/div>\n\t\t\t\t<\/div>\n\t\t\t\t\t<\/div>\n\t\t\t\t<\/div>\n\t\t\t\t<\/div>\n\t\t","protected":false},"excerpt":{"rendered":"<p>\u00bfQU\u00c9 HACEMOS? &gt; Banca Privada Banca Privada En Almenara, nuestra unidad de Banca Privada est\u00e1 dedicada a ayudar a nuestros clientes a preservar, hacer crecer y transmitir su patrimonio privado. Nuestra misi\u00f3n se centra en desarrollar estrategias personalizadas que garanticen estabilidad y crecimiento, alineadas con los objetivos financieros \u00fanicos de cada cliente. Priorizamos la obtenci\u00f3n [&hellip;]<\/p>\n","protected":false},"author":1,"featured_media":3663,"parent":2311,"menu_order":0,"comment_status":"closed","ping_status":"closed","template":"","meta":{"footnotes":""},"class_list":["post-2449","page","type-page","status-publish","has-post-thumbnail","hentry"],"yoast_head":"<!-- This site is optimized with the Yoast SEO plugin v27.4 - https:\/\/yoast.com\/product\/yoast-seo-wordpress\/ -->\n<title>Banca Privada | Almenara Capital Partners<\/title>\n<meta name=\"description\" content=\"Experimente las soluciones personalizadas de banca privada de Almenara. Asegure, haga crecer y gestione su patrimonio con nuestros servicios financieros expertos.\" \/>\n<meta name=\"robots\" content=\"index, follow, max-snippet:-1, max-image-preview:large, max-video-preview:-1\" \/>\n<link rel=\"canonical\" href=\"https:\/\/almenaracapitalpartners.com\/es\/que-hacemos\/banca-privada\/\" \/>\n<meta property=\"og:locale\" content=\"es_ES\" \/>\n<meta property=\"og:type\" content=\"article\" \/>\n<meta property=\"og:title\" content=\"Banca Privada | Almenara Capital Partners\" \/>\n<meta property=\"og:description\" content=\"Experimente las soluciones personalizadas de banca privada de Almenara. Asegure, haga crecer y gestione su patrimonio con nuestros servicios financieros expertos.\" \/>\n<meta property=\"og:url\" content=\"https:\/\/almenaracapitalpartners.com\/es\/que-hacemos\/banca-privada\/\" \/>\n<meta property=\"og:site_name\" content=\"Boutique de inversi\u00f3n | Almenara Capital Partners\" \/>\n<meta property=\"article:modified_time\" content=\"2025-01-24T08:13:51+00:00\" \/>\n<meta property=\"og:image\" content=\"https:\/\/almenaracapitalpartners.com\/wp-content\/uploads\/2025\/01\/Logo-redes.jpg\" \/>\n\t<meta property=\"og:image:width\" content=\"300\" \/>\n\t<meta property=\"og:image:height\" content=\"300\" \/>\n\t<meta property=\"og:image:type\" content=\"image\/jpeg\" \/>\n<meta name=\"twitter:card\" content=\"summary_large_image\" \/>\n<meta name=\"twitter:image\" content=\"https:\/\/almenaracapitalpartners.com\/wp-content\/uploads\/2025\/01\/Logo-redes.jpg\" \/>\n<meta name=\"twitter:label1\" content=\"Tiempo de lectura\" \/>\n\t<meta name=\"twitter:data1\" content=\"2 minutos\" \/>\n<script type=\"application\/ld+json\" class=\"yoast-schema-graph\">{\"@context\":\"https:\\\/\\\/schema.org\",\"@graph\":[{\"@type\":\"WebPage\",\"@id\":\"https:\\\/\\\/almenaracapitalpartners.com\\\/es\\\/que-hacemos\\\/banca-privada\\\/\",\"url\":\"https:\\\/\\\/almenaracapitalpartners.com\\\/es\\\/que-hacemos\\\/banca-privada\\\/\",\"name\":\"Banca Privada | Almenara Capital Partners\",\"isPartOf\":{\"@id\":\"https:\\\/\\\/almenaracapitalpartners.com\\\/#website\"},\"primaryImageOfPage\":{\"@id\":\"https:\\\/\\\/almenaracapitalpartners.com\\\/es\\\/que-hacemos\\\/banca-privada\\\/#primaryimage\"},\"image\":{\"@id\":\"https:\\\/\\\/almenaracapitalpartners.com\\\/es\\\/que-hacemos\\\/banca-privada\\\/#primaryimage\"},\"thumbnailUrl\":\"https:\\\/\\\/almenaracapitalpartners.com\\\/wp-content\\\/uploads\\\/2025\\\/01\\\/Logo-redes.jpg\",\"datePublished\":\"2024-11-27T12:57:56+00:00\",\"dateModified\":\"2025-01-24T08:13:51+00:00\",\"description\":\"Experimente las soluciones personalizadas de banca privada de Almenara. Asegure, haga crecer y gestione su patrimonio con nuestros servicios financieros expertos.\",\"breadcrumb\":{\"@id\":\"https:\\\/\\\/almenaracapitalpartners.com\\\/es\\\/que-hacemos\\\/banca-privada\\\/#breadcrumb\"},\"inLanguage\":\"es\",\"potentialAction\":[{\"@type\":\"ReadAction\",\"target\":[\"https:\\\/\\\/almenaracapitalpartners.com\\\/es\\\/que-hacemos\\\/banca-privada\\\/\"]}]},{\"@type\":\"ImageObject\",\"inLanguage\":\"es\",\"@id\":\"https:\\\/\\\/almenaracapitalpartners.com\\\/es\\\/que-hacemos\\\/banca-privada\\\/#primaryimage\",\"url\":\"https:\\\/\\\/almenaracapitalpartners.com\\\/wp-content\\\/uploads\\\/2025\\\/01\\\/Logo-redes.jpg\",\"contentUrl\":\"https:\\\/\\\/almenaracapitalpartners.com\\\/wp-content\\\/uploads\\\/2025\\\/01\\\/Logo-redes.jpg\",\"width\":300,\"height\":300},{\"@type\":\"BreadcrumbList\",\"@id\":\"https:\\\/\\\/almenaracapitalpartners.com\\\/es\\\/que-hacemos\\\/banca-privada\\\/#breadcrumb\",\"itemListElement\":[{\"@type\":\"ListItem\",\"position\":1,\"name\":\"Portada\",\"item\":\"https:\\\/\\\/almenaracapitalpartners.com\\\/es\\\/\"},{\"@type\":\"ListItem\",\"position\":2,\"name\":\"Almenara Capital Partners | \u00bfQu\u00e9 hacemos?\",\"item\":\"https:\\\/\\\/almenaracapitalpartners.com\\\/es\\\/que-hacemos\\\/\"},{\"@type\":\"ListItem\",\"position\":3,\"name\":\"Banca Privada | Almenara Capital Partners\"}]},{\"@type\":\"WebSite\",\"@id\":\"https:\\\/\\\/almenaracapitalpartners.com\\\/#website\",\"url\":\"https:\\\/\\\/almenaracapitalpartners.com\\\/\",\"name\":\"Boutique de inversi\u00f3n | Almenara Capital Partners\",\"description\":\"\",\"potentialAction\":[{\"@type\":\"SearchAction\",\"target\":{\"@type\":\"EntryPoint\",\"urlTemplate\":\"https:\\\/\\\/almenaracapitalpartners.com\\\/?s={search_term_string}\"},\"query-input\":{\"@type\":\"PropertyValueSpecification\",\"valueRequired\":true,\"valueName\":\"search_term_string\"}}],\"inLanguage\":\"es\"}]}<\/script>\n<!-- \/ Yoast SEO plugin. -->","yoast_head_json":{"title":"Banca Privada | Almenara Capital Partners","description":"Experimente las soluciones personalizadas de banca privada de Almenara. Asegure, haga crecer y gestione su patrimonio con nuestros servicios financieros expertos.","robots":{"index":"index","follow":"follow","max-snippet":"max-snippet:-1","max-image-preview":"max-image-preview:large","max-video-preview":"max-video-preview:-1"},"canonical":"https:\/\/almenaracapitalpartners.com\/es\/que-hacemos\/banca-privada\/","og_locale":"es_ES","og_type":"article","og_title":"Banca Privada | Almenara Capital Partners","og_description":"Experimente las soluciones personalizadas de banca privada de Almenara. Asegure, haga crecer y gestione su patrimonio con nuestros servicios financieros expertos.","og_url":"https:\/\/almenaracapitalpartners.com\/es\/que-hacemos\/banca-privada\/","og_site_name":"Boutique de inversi\u00f3n | Almenara Capital Partners","article_modified_time":"2025-01-24T08:13:51+00:00","og_image":[{"width":300,"height":300,"url":"https:\/\/almenaracapitalpartners.com\/wp-content\/uploads\/2025\/01\/Logo-redes.jpg","type":"image\/jpeg"}],"twitter_card":"summary_large_image","twitter_image":"https:\/\/almenaracapitalpartners.com\/wp-content\/uploads\/2025\/01\/Logo-redes.jpg","twitter_misc":{"Tiempo de lectura":"2 minutos"},"schema":{"@context":"https:\/\/schema.org","@graph":[{"@type":"WebPage","@id":"https:\/\/almenaracapitalpartners.com\/es\/que-hacemos\/banca-privada\/","url":"https:\/\/almenaracapitalpartners.com\/es\/que-hacemos\/banca-privada\/","name":"Banca Privada | Almenara Capital Partners","isPartOf":{"@id":"https:\/\/almenaracapitalpartners.com\/#website"},"primaryImageOfPage":{"@id":"https:\/\/almenaracapitalpartners.com\/es\/que-hacemos\/banca-privada\/#primaryimage"},"image":{"@id":"https:\/\/almenaracapitalpartners.com\/es\/que-hacemos\/banca-privada\/#primaryimage"},"thumbnailUrl":"https:\/\/almenaracapitalpartners.com\/wp-content\/uploads\/2025\/01\/Logo-redes.jpg","datePublished":"2024-11-27T12:57:56+00:00","dateModified":"2025-01-24T08:13:51+00:00","description":"Experimente las soluciones personalizadas de banca privada de Almenara. Asegure, haga crecer y gestione su patrimonio con nuestros servicios financieros expertos.","breadcrumb":{"@id":"https:\/\/almenaracapitalpartners.com\/es\/que-hacemos\/banca-privada\/#breadcrumb"},"inLanguage":"es","potentialAction":[{"@type":"ReadAction","target":["https:\/\/almenaracapitalpartners.com\/es\/que-hacemos\/banca-privada\/"]}]},{"@type":"ImageObject","inLanguage":"es","@id":"https:\/\/almenaracapitalpartners.com\/es\/que-hacemos\/banca-privada\/#primaryimage","url":"https:\/\/almenaracapitalpartners.com\/wp-content\/uploads\/2025\/01\/Logo-redes.jpg","contentUrl":"https:\/\/almenaracapitalpartners.com\/wp-content\/uploads\/2025\/01\/Logo-redes.jpg","width":300,"height":300},{"@type":"BreadcrumbList","@id":"https:\/\/almenaracapitalpartners.com\/es\/que-hacemos\/banca-privada\/#breadcrumb","itemListElement":[{"@type":"ListItem","position":1,"name":"Portada","item":"https:\/\/almenaracapitalpartners.com\/es\/"},{"@type":"ListItem","position":2,"name":"Almenara Capital Partners | \u00bfQu\u00e9 hacemos?","item":"https:\/\/almenaracapitalpartners.com\/es\/que-hacemos\/"},{"@type":"ListItem","position":3,"name":"Banca Privada | Almenara Capital Partners"}]},{"@type":"WebSite","@id":"https:\/\/almenaracapitalpartners.com\/#website","url":"https:\/\/almenaracapitalpartners.com\/","name":"Boutique de inversi\u00f3n | Almenara Capital Partners","description":"","potentialAction":[{"@type":"SearchAction","target":{"@type":"EntryPoint","urlTemplate":"https:\/\/almenaracapitalpartners.com\/?s={search_term_string}"},"query-input":{"@type":"PropertyValueSpecification","valueRequired":true,"valueName":"search_term_string"}}],"inLanguage":"es"}]}},"_links":{"self":[{"href":"https:\/\/almenaracapitalpartners.com\/es\/wp-json\/wp\/v2\/pages\/2449","targetHints":{"allow":["GET"]}}],"collection":[{"href":"https:\/\/almenaracapitalpartners.com\/es\/wp-json\/wp\/v2\/pages"}],"about":[{"href":"https:\/\/almenaracapitalpartners.com\/es\/wp-json\/wp\/v2\/types\/page"}],"author":[{"embeddable":true,"href":"https:\/\/almenaracapitalpartners.com\/es\/wp-json\/wp\/v2\/users\/1"}],"replies":[{"embeddable":true,"href":"https:\/\/almenaracapitalpartners.com\/es\/wp-json\/wp\/v2\/comments?post=2449"}],"version-history":[{"count":27,"href":"https:\/\/almenaracapitalpartners.com\/es\/wp-json\/wp\/v2\/pages\/2449\/revisions"}],"predecessor-version":[{"id":3674,"href":"https:\/\/almenaracapitalpartners.com\/es\/wp-json\/wp\/v2\/pages\/2449\/revisions\/3674"}],"up":[{"embeddable":true,"href":"https:\/\/almenaracapitalpartners.com\/es\/wp-json\/wp\/v2\/pages\/2311"}],"wp:featuredmedia":[{"embeddable":true,"href":"https:\/\/almenaracapitalpartners.com\/es\/wp-json\/wp\/v2\/media\/3663"}],"wp:attachment":[{"href":"https:\/\/almenaracapitalpartners.com\/es\/wp-json\/wp\/v2\/media?parent=2449"}],"curies":[{"name":"wp","href":"https:\/\/api.w.org\/{rel}","templated":true}]}}