{"id":2374,"date":"2024-11-27T12:24:39","date_gmt":"2024-11-27T11:24:39","guid":{"rendered":"https:\/\/developer8.cease.es\/almenara\/que-hacemos\/alternative-asset-management\/"},"modified":"2025-01-24T09:14:24","modified_gmt":"2025-01-24T08:14:24","slug":"gestion-de-activos-alternativos","status":"publish","type":"page","link":"https:\/\/almenaracapitalpartners.com\/es\/que-hacemos\/gestion-de-activos-alternativos\/","title":{"rendered":"Gesti\u00f3n de activos Alternativos | Almenara Capital Partners"},"content":{"rendered":"\t\t<div data-elementor-type=\"wp-page\" data-elementor-id=\"2374\" class=\"elementor elementor-2374 elementor-706\" data-elementor-post-type=\"page\">\n\t\t\t\t<div class=\"elementor-element elementor-element-7be914d e-flex e-con-boxed e-con e-parent\" data-id=\"7be914d\" data-element_type=\"container\" data-settings=\"{&quot;background_background&quot;:&quot;video&quot;,&quot;background_video_link&quot;:&quot;https:\\\/\\\/almenaracapitalpartners.com\\\/wp-content\\\/uploads\\\/2024\\\/12\\\/0_City_Skyscrapers_1920x1080.mp4&quot;,&quot;background_play_on_mobile&quot;:&quot;yes&quot;}\">\n\t\t\t\t\t<div class=\"e-con-inner\">\n\t\t<div class=\"elementor-background-video-container\">\n\t\t\t\t\t\t\t<video class=\"elementor-background-video-hosted elementor-html5-video\" autoplay muted playsinline loop><\/video>\n\t\t\t\t\t<\/div>\t\t\t<\/div>\n\t\t\t\t<\/div>\n\t\t<div class=\"elementor-element elementor-element-4a74f07 e-flex e-con-boxed e-con e-parent\" data-id=\"4a74f07\" data-element_type=\"container\">\n\t\t\t\t\t<div class=\"e-con-inner\">\n\t\t<div class=\"elementor-element elementor-element-faf0dbd e-con-full e-flex e-con e-child\" data-id=\"faf0dbd\" data-element_type=\"container\">\n\t\t<div class=\"elementor-element elementor-element-100a490 e-con-full e-flex e-con e-child\" data-id=\"100a490\" data-element_type=\"container\">\n\t\t\t\t<div class=\"elementor-element-custom_font_size elementor-element-custom_font_family elementor-element-custom_font_weight elementor-element-custom_color elementor-element elementor-element-1ceca00 elementor-widget elementor-widget-text-editor\" data-id=\"1ceca00\" data-element_type=\"widget\" data-widget_type=\"text-editor.default\">\n\t\t\t\t<div class=\"elementor-widget-container\">\n\t\t\t\t\t\t\t<p><a href=\"https:\/\/almenaracapitalpartners.com\/es\/que-hacemos\/\"><strong>\u00bfQU\u00c9 HACEMOS?<\/strong><\/a>\u00a0&gt; Gesti\u00f3n de Activos Alternativos<\/p>\t\t\t\t\t\t<\/div>\n\t\t\t\t<\/div>\n\t\t\t\t<div class=\"elementor-element elementor-element-409f515 elementor-widget__width-inherit elementor-widget elementor-widget-heading\" data-id=\"409f515\" data-element_type=\"widget\" data-widget_type=\"heading.default\">\n\t\t\t\t<div class=\"elementor-widget-container\">\n\t\t\t<h2 class=\"elementor-heading-title elementor-size-default\">Gesti\u00f3n de Activos Alternativos<\/h2>\t\t<\/div>\n\t\t\t\t<\/div>\n\t\t\t\t<div class=\"elementor-element-custom_font_size elementor-element-custom_line_height elementor-element-custom_font_family elementor-element-custom_font_weight elementor-element-custom_color elementor-element elementor-element-aa6c596 elementor-widget__width-initial elementor-widget elementor-widget-text-editor\" data-id=\"aa6c596\" data-element_type=\"widget\" data-widget_type=\"text-editor.default\">\n\t\t\t\t<div class=\"elementor-widget-container\">\n\t\t\t\t\t\t\t<p>En ACP, nos centramos en mercados y sectores en los que nuestra amplia experiencia, nuestra extensa red de contactos y nuestros conocimientos estrat\u00e9gicos nos diferencian. Aprovechando nuestro conocimiento \u00fanico del sector y asoci\u00e1ndonos con equipos de gesti\u00f3n y asesores de reconocido prestigio, impulsamos el crecimiento y la creaci\u00f3n de valor de nuestras empresas participadas.<\/p><p>Nuestro enfoque garantiza la creaci\u00f3n de empresas duraderas y sostenibles, que ofrezcan rendimientos excepcionales y \u00e9xito a largo plazo, respetando al mismo tiempo la confidencialidad y discreci\u00f3n que esperan nuestros clientes.<\/p><p><strong>\u00bfEst\u00e1 preparado para aprovechar todo el potencial de sus inversiones? P\u00f3ngase en contacto con nosotros hoy mismo<br \/>y descubra c\u00f3mo ACP puede ayudarle a conseguir resultados extraordinarios..<\/strong><\/p>\t\t\t\t\t\t<\/div>\n\t\t\t\t<\/div>\n\t\t\t\t<\/div>\n\t\t\t\t<\/div>\n\t\t\t\t\t<\/div>\n\t\t\t\t<\/div>\n\t\t<div class=\"elementor-element elementor-element-fe7e8b4 e-flex e-con-boxed e-con e-parent\" data-id=\"fe7e8b4\" data-element_type=\"container\">\n\t\t\t\t\t<div class=\"e-con-inner\">\n\t\t<div class=\"elementor-element elementor-element-b338ac6 e-con-full e-flex e-con e-child\" data-id=\"b338ac6\" data-element_type=\"container\">\n\t\t<a class=\"elementor-element elementor-element-b4a5ca6 e-con-full e-flex e-con e-child\" data-id=\"b4a5ca6\" data-element_type=\"container\" data-settings=\"{&quot;background_background&quot;:&quot;classic&quot;}\" href=\"https:\/\/almenaracapitalpartners.com\/es\/que-hacemos\/gestion-de-activos-alternativos\/capital-privado-capital-riesgo\/\">\n\t\t\t\t<div class=\"elementor-element elementor-element-bb10815 elementor-widget elementor-widget-heading\" data-id=\"bb10815\" data-element_type=\"widget\" data-widget_type=\"heading.default\">\n\t\t\t\t<div class=\"elementor-widget-container\">\n\t\t\t<h2 class=\"elementor-heading-title elementor-size-default\">Capital Privado &amp; Capital Riesgo<\/h2>\t\t<\/div>\n\t\t\t\t<\/div>\n\t\t\t\t<\/a>\n\t\t<a class=\"elementor-element elementor-element-d5a8671 e-con-full e-flex e-con e-child\" data-id=\"d5a8671\" data-element_type=\"container\" data-settings=\"{&quot;background_background&quot;:&quot;classic&quot;}\" href=\"https:\/\/almenaracapitalpartners.com\/es\/que-hacemos\/gestion-de-activos-alternativos\/inmobiliario\/\">\n\t\t\t\t<div class=\"elementor-element elementor-element-8d4e234 elementor-widget elementor-widget-heading\" data-id=\"8d4e234\" data-element_type=\"widget\" data-widget_type=\"heading.default\">\n\t\t\t\t<div class=\"elementor-widget-container\">\n\t\t\t<h2 class=\"elementor-heading-title elementor-size-default\">Inmobiliario<\/h2>\t\t<\/div>\n\t\t\t\t<\/div>\n\t\t\t\t<\/a>\n\t\t\t\t<\/div>\n\t\t<div class=\"elementor-element elementor-element-d22c4e0 e-con-full e-flex e-con e-child\" data-id=\"d22c4e0\" data-element_type=\"container\">\n\t\t<a class=\"elementor-element elementor-element-80c734a e-con-full e-flex e-con e-child\" data-id=\"80c734a\" data-element_type=\"container\" data-settings=\"{&quot;background_background&quot;:&quot;classic&quot;}\" href=\"https:\/\/almenaracapitalpartners.com\/es\/que-hacemos\/gestion-de-activos-alternativos\/infraestructura\/\">\n\t\t\t\t<div class=\"elementor-element elementor-element-537e2c6 elementor-widget elementor-widget-heading\" data-id=\"537e2c6\" data-element_type=\"widget\" data-widget_type=\"heading.default\">\n\t\t\t\t<div class=\"elementor-widget-container\">\n\t\t\t<h2 class=\"elementor-heading-title elementor-size-default\">Infraestructura<\/h2>\t\t<\/div>\n\t\t\t\t<\/div>\n\t\t\t\t<\/a>\n\t\t<a class=\"elementor-element elementor-element-280b9af e-con-full e-flex e-con e-child\" data-id=\"280b9af\" data-element_type=\"container\" data-settings=\"{&quot;background_background&quot;:&quot;classic&quot;}\" href=\"https:\/\/almenaracapitalpartners.com\/es\/que-hacemos\/gestion-de-activos-alternativos\/deuda-privada\/\">\n\t\t\t\t<div class=\"elementor-element elementor-element-329e67a elementor-widget elementor-widget-heading\" data-id=\"329e67a\" data-element_type=\"widget\" data-widget_type=\"heading.default\">\n\t\t\t\t<div class=\"elementor-widget-container\">\n\t\t\t<h2 class=\"elementor-heading-title elementor-size-default\">Deuda Privada<\/h2>\t\t<\/div>\n\t\t\t\t<\/div>\n\t\t\t\t<\/a>\n\t\t\t\t<\/div>\n\t\t\t\t\t<\/div>\n\t\t\t\t<\/div>\n\t\t\t\t<\/div>\n\t\t","protected":false},"excerpt":{"rendered":"<p>\u00bfQU\u00c9 HACEMOS?\u00a0&gt; Gesti\u00f3n de Activos Alternativos Gesti\u00f3n de Activos Alternativos En ACP, nos centramos en mercados y sectores en los que nuestra amplia experiencia, nuestra extensa red de contactos y nuestros conocimientos estrat\u00e9gicos nos diferencian. Aprovechando nuestro conocimiento \u00fanico del sector y asoci\u00e1ndonos con equipos de gesti\u00f3n y asesores de reconocido prestigio, impulsamos el crecimiento [&hellip;]<\/p>\n","protected":false},"author":1,"featured_media":3663,"parent":2311,"menu_order":0,"comment_status":"closed","ping_status":"closed","template":"","meta":{"footnotes":""},"class_list":["post-2374","page","type-page","status-publish","has-post-thumbnail","hentry"],"yoast_head":"<!-- This site is optimized with the Yoast SEO plugin v27.4 - https:\/\/yoast.com\/product\/yoast-seo-wordpress\/ -->\n<title>Gesti\u00f3n de activos Alternativos | Almenara Capital Partners<\/title>\n<meta name=\"description\" content=\"Descubra nuevas oportunidades de inversi\u00f3n con los servicios de gesti\u00f3n alternativa de activos de Almenara. Experiencia en capital privado, bienes inmuebles y mucho m\u00e1s.\" \/>\n<meta name=\"robots\" content=\"index, follow, max-snippet:-1, max-image-preview:large, max-video-preview:-1\" \/>\n<link rel=\"canonical\" href=\"https:\/\/almenaracapitalpartners.com\/es\/que-hacemos\/gestion-de-activos-alternativos\/\" \/>\n<meta property=\"og:locale\" content=\"es_ES\" \/>\n<meta property=\"og:type\" content=\"article\" \/>\n<meta property=\"og:title\" content=\"Gesti\u00f3n de activos Alternativos | Almenara Capital Partners\" \/>\n<meta property=\"og:description\" content=\"Descubra nuevas oportunidades de inversi\u00f3n con los servicios de gesti\u00f3n alternativa de activos de Almenara. Experiencia en capital privado, bienes inmuebles y mucho m\u00e1s.\" \/>\n<meta property=\"og:url\" content=\"https:\/\/almenaracapitalpartners.com\/es\/que-hacemos\/gestion-de-activos-alternativos\/\" \/>\n<meta property=\"og:site_name\" content=\"Boutique de inversi\u00f3n | Almenara Capital Partners\" \/>\n<meta property=\"article:modified_time\" content=\"2025-01-24T08:14:24+00:00\" \/>\n<meta property=\"og:image\" content=\"https:\/\/almenaracapitalpartners.com\/wp-content\/uploads\/2025\/01\/Logo-redes.jpg\" \/>\n\t<meta property=\"og:image:width\" content=\"300\" \/>\n\t<meta property=\"og:image:height\" content=\"300\" \/>\n\t<meta property=\"og:image:type\" content=\"image\/jpeg\" \/>\n<meta name=\"twitter:card\" content=\"summary_large_image\" \/>\n<meta name=\"twitter:image\" content=\"https:\/\/almenaracapitalpartners.com\/wp-content\/uploads\/2025\/01\/Logo-redes.jpg\" \/>\n<meta name=\"twitter:label1\" content=\"Tiempo de lectura\" \/>\n\t<meta name=\"twitter:data1\" content=\"1 minuto\" \/>\n<script type=\"application\/ld+json\" class=\"yoast-schema-graph\">{\"@context\":\"https:\\\/\\\/schema.org\",\"@graph\":[{\"@type\":\"WebPage\",\"@id\":\"https:\\\/\\\/almenaracapitalpartners.com\\\/es\\\/que-hacemos\\\/gestion-de-activos-alternativos\\\/\",\"url\":\"https:\\\/\\\/almenaracapitalpartners.com\\\/es\\\/que-hacemos\\\/gestion-de-activos-alternativos\\\/\",\"name\":\"Gesti\u00f3n de activos Alternativos | Almenara Capital Partners\",\"isPartOf\":{\"@id\":\"https:\\\/\\\/almenaracapitalpartners.com\\\/#website\"},\"primaryImageOfPage\":{\"@id\":\"https:\\\/\\\/almenaracapitalpartners.com\\\/es\\\/que-hacemos\\\/gestion-de-activos-alternativos\\\/#primaryimage\"},\"image\":{\"@id\":\"https:\\\/\\\/almenaracapitalpartners.com\\\/es\\\/que-hacemos\\\/gestion-de-activos-alternativos\\\/#primaryimage\"},\"thumbnailUrl\":\"https:\\\/\\\/almenaracapitalpartners.com\\\/wp-content\\\/uploads\\\/2025\\\/01\\\/Logo-redes.jpg\",\"datePublished\":\"2024-11-27T11:24:39+00:00\",\"dateModified\":\"2025-01-24T08:14:24+00:00\",\"description\":\"Descubra nuevas oportunidades de inversi\u00f3n con los servicios de gesti\u00f3n alternativa de activos de Almenara. Experiencia en capital privado, bienes inmuebles y mucho m\u00e1s.\",\"breadcrumb\":{\"@id\":\"https:\\\/\\\/almenaracapitalpartners.com\\\/es\\\/que-hacemos\\\/gestion-de-activos-alternativos\\\/#breadcrumb\"},\"inLanguage\":\"es\",\"potentialAction\":[{\"@type\":\"ReadAction\",\"target\":[\"https:\\\/\\\/almenaracapitalpartners.com\\\/es\\\/que-hacemos\\\/gestion-de-activos-alternativos\\\/\"]}]},{\"@type\":\"ImageObject\",\"inLanguage\":\"es\",\"@id\":\"https:\\\/\\\/almenaracapitalpartners.com\\\/es\\\/que-hacemos\\\/gestion-de-activos-alternativos\\\/#primaryimage\",\"url\":\"https:\\\/\\\/almenaracapitalpartners.com\\\/wp-content\\\/uploads\\\/2025\\\/01\\\/Logo-redes.jpg\",\"contentUrl\":\"https:\\\/\\\/almenaracapitalpartners.com\\\/wp-content\\\/uploads\\\/2025\\\/01\\\/Logo-redes.jpg\",\"width\":300,\"height\":300},{\"@type\":\"BreadcrumbList\",\"@id\":\"https:\\\/\\\/almenaracapitalpartners.com\\\/es\\\/que-hacemos\\\/gestion-de-activos-alternativos\\\/#breadcrumb\",\"itemListElement\":[{\"@type\":\"ListItem\",\"position\":1,\"name\":\"Portada\",\"item\":\"https:\\\/\\\/almenaracapitalpartners.com\\\/es\\\/\"},{\"@type\":\"ListItem\",\"position\":2,\"name\":\"Almenara Capital Partners | \u00bfQu\u00e9 hacemos?\",\"item\":\"https:\\\/\\\/almenaracapitalpartners.com\\\/es\\\/que-hacemos\\\/\"},{\"@type\":\"ListItem\",\"position\":3,\"name\":\"Gesti\u00f3n de activos Alternativos | Almenara Capital Partners\"}]},{\"@type\":\"WebSite\",\"@id\":\"https:\\\/\\\/almenaracapitalpartners.com\\\/#website\",\"url\":\"https:\\\/\\\/almenaracapitalpartners.com\\\/\",\"name\":\"Boutique de inversi\u00f3n | Almenara Capital Partners\",\"description\":\"\",\"potentialAction\":[{\"@type\":\"SearchAction\",\"target\":{\"@type\":\"EntryPoint\",\"urlTemplate\":\"https:\\\/\\\/almenaracapitalpartners.com\\\/?s={search_term_string}\"},\"query-input\":{\"@type\":\"PropertyValueSpecification\",\"valueRequired\":true,\"valueName\":\"search_term_string\"}}],\"inLanguage\":\"es\"}]}<\/script>\n<!-- \/ Yoast SEO plugin. -->","yoast_head_json":{"title":"Gesti\u00f3n de activos Alternativos | Almenara Capital Partners","description":"Descubra nuevas oportunidades de inversi\u00f3n con los servicios de gesti\u00f3n alternativa de activos de Almenara. Experiencia en capital privado, bienes inmuebles y mucho m\u00e1s.","robots":{"index":"index","follow":"follow","max-snippet":"max-snippet:-1","max-image-preview":"max-image-preview:large","max-video-preview":"max-video-preview:-1"},"canonical":"https:\/\/almenaracapitalpartners.com\/es\/que-hacemos\/gestion-de-activos-alternativos\/","og_locale":"es_ES","og_type":"article","og_title":"Gesti\u00f3n de activos Alternativos | Almenara Capital Partners","og_description":"Descubra nuevas oportunidades de inversi\u00f3n con los servicios de gesti\u00f3n alternativa de activos de Almenara. Experiencia en capital privado, bienes inmuebles y mucho m\u00e1s.","og_url":"https:\/\/almenaracapitalpartners.com\/es\/que-hacemos\/gestion-de-activos-alternativos\/","og_site_name":"Boutique de inversi\u00f3n | Almenara Capital Partners","article_modified_time":"2025-01-24T08:14:24+00:00","og_image":[{"width":300,"height":300,"url":"https:\/\/almenaracapitalpartners.com\/wp-content\/uploads\/2025\/01\/Logo-redes.jpg","type":"image\/jpeg"}],"twitter_card":"summary_large_image","twitter_image":"https:\/\/almenaracapitalpartners.com\/wp-content\/uploads\/2025\/01\/Logo-redes.jpg","twitter_misc":{"Tiempo de lectura":"1 minuto"},"schema":{"@context":"https:\/\/schema.org","@graph":[{"@type":"WebPage","@id":"https:\/\/almenaracapitalpartners.com\/es\/que-hacemos\/gestion-de-activos-alternativos\/","url":"https:\/\/almenaracapitalpartners.com\/es\/que-hacemos\/gestion-de-activos-alternativos\/","name":"Gesti\u00f3n de activos Alternativos | Almenara Capital Partners","isPartOf":{"@id":"https:\/\/almenaracapitalpartners.com\/#website"},"primaryImageOfPage":{"@id":"https:\/\/almenaracapitalpartners.com\/es\/que-hacemos\/gestion-de-activos-alternativos\/#primaryimage"},"image":{"@id":"https:\/\/almenaracapitalpartners.com\/es\/que-hacemos\/gestion-de-activos-alternativos\/#primaryimage"},"thumbnailUrl":"https:\/\/almenaracapitalpartners.com\/wp-content\/uploads\/2025\/01\/Logo-redes.jpg","datePublished":"2024-11-27T11:24:39+00:00","dateModified":"2025-01-24T08:14:24+00:00","description":"Descubra nuevas oportunidades de inversi\u00f3n con los servicios de gesti\u00f3n alternativa de activos de Almenara. Experiencia en capital privado, bienes inmuebles y mucho m\u00e1s.","breadcrumb":{"@id":"https:\/\/almenaracapitalpartners.com\/es\/que-hacemos\/gestion-de-activos-alternativos\/#breadcrumb"},"inLanguage":"es","potentialAction":[{"@type":"ReadAction","target":["https:\/\/almenaracapitalpartners.com\/es\/que-hacemos\/gestion-de-activos-alternativos\/"]}]},{"@type":"ImageObject","inLanguage":"es","@id":"https:\/\/almenaracapitalpartners.com\/es\/que-hacemos\/gestion-de-activos-alternativos\/#primaryimage","url":"https:\/\/almenaracapitalpartners.com\/wp-content\/uploads\/2025\/01\/Logo-redes.jpg","contentUrl":"https:\/\/almenaracapitalpartners.com\/wp-content\/uploads\/2025\/01\/Logo-redes.jpg","width":300,"height":300},{"@type":"BreadcrumbList","@id":"https:\/\/almenaracapitalpartners.com\/es\/que-hacemos\/gestion-de-activos-alternativos\/#breadcrumb","itemListElement":[{"@type":"ListItem","position":1,"name":"Portada","item":"https:\/\/almenaracapitalpartners.com\/es\/"},{"@type":"ListItem","position":2,"name":"Almenara Capital Partners | \u00bfQu\u00e9 hacemos?","item":"https:\/\/almenaracapitalpartners.com\/es\/que-hacemos\/"},{"@type":"ListItem","position":3,"name":"Gesti\u00f3n de activos Alternativos | Almenara Capital Partners"}]},{"@type":"WebSite","@id":"https:\/\/almenaracapitalpartners.com\/#website","url":"https:\/\/almenaracapitalpartners.com\/","name":"Boutique de inversi\u00f3n | Almenara Capital Partners","description":"","potentialAction":[{"@type":"SearchAction","target":{"@type":"EntryPoint","urlTemplate":"https:\/\/almenaracapitalpartners.com\/?s={search_term_string}"},"query-input":{"@type":"PropertyValueSpecification","valueRequired":true,"valueName":"search_term_string"}}],"inLanguage":"es"}]}},"_links":{"self":[{"href":"https:\/\/almenaracapitalpartners.com\/es\/wp-json\/wp\/v2\/pages\/2374","targetHints":{"allow":["GET"]}}],"collection":[{"href":"https:\/\/almenaracapitalpartners.com\/es\/wp-json\/wp\/v2\/pages"}],"about":[{"href":"https:\/\/almenaracapitalpartners.com\/es\/wp-json\/wp\/v2\/types\/page"}],"author":[{"embeddable":true,"href":"https:\/\/almenaracapitalpartners.com\/es\/wp-json\/wp\/v2\/users\/1"}],"replies":[{"embeddable":true,"href":"https:\/\/almenaracapitalpartners.com\/es\/wp-json\/wp\/v2\/comments?post=2374"}],"version-history":[{"count":37,"href":"https:\/\/almenaracapitalpartners.com\/es\/wp-json\/wp\/v2\/pages\/2374\/revisions"}],"predecessor-version":[{"id":3676,"href":"https:\/\/almenaracapitalpartners.com\/es\/wp-json\/wp\/v2\/pages\/2374\/revisions\/3676"}],"up":[{"embeddable":true,"href":"https:\/\/almenaracapitalpartners.com\/es\/wp-json\/wp\/v2\/pages\/2311"}],"wp:featuredmedia":[{"embeddable":true,"href":"https:\/\/almenaracapitalpartners.com\/es\/wp-json\/wp\/v2\/media\/3663"}],"wp:attachment":[{"href":"https:\/\/almenaracapitalpartners.com\/es\/wp-json\/wp\/v2\/media?parent=2374"}],"curies":[{"name":"wp","href":"https:\/\/api.w.org\/{rel}","templated":true}]}}