{"id":2337,"date":"2024-11-27T16:31:17","date_gmt":"2024-11-27T15:31:17","guid":{"rendered":"https:\/\/developer8.cease.es\/almenara\/contact-us\/"},"modified":"2025-01-24T09:13:05","modified_gmt":"2025-01-24T08:13:05","slug":"contacta-con-nosotros","status":"publish","type":"page","link":"https:\/\/almenaracapitalpartners.com\/es\/contacta-con-nosotros\/","title":{"rendered":"Almenara Capital Partners | Contacta con nosotros"},"content":{"rendered":"\t\t<div data-elementor-type=\"wp-page\" data-elementor-id=\"2337\" class=\"elementor elementor-2337 elementor-940\" data-elementor-post-type=\"page\">\n\t\t\t\t<div class=\"elementor-element elementor-element-d313839 e-flex e-con-boxed e-con e-parent\" data-id=\"d313839\" data-element_type=\"container\" data-settings=\"{&quot;background_background&quot;:&quot;video&quot;,&quot;background_video_link&quot;:&quot;https:\\\/\\\/almenaracapitalpartners.com\\\/wp-content\\\/uploads\\\/2024\\\/12\\\/Diseno-sin-titulo-21.mp4&quot;,&quot;background_play_on_mobile&quot;:&quot;yes&quot;}\">\n\t\t\t\t\t<div class=\"e-con-inner\">\n\t\t<div class=\"elementor-background-video-container\">\n\t\t\t\t\t\t\t<video class=\"elementor-background-video-hosted elementor-html5-video\" autoplay muted playsinline loop><\/video>\n\t\t\t\t\t<\/div><div class=\"elementor-element elementor-element-fba5439 e-con-full e-flex e-con e-child\" data-id=\"fba5439\" data-element_type=\"container\">\n\t\t\t\t<div class=\"elementor-element elementor-element-30bd8b9 elementor-widget elementor-widget-heading\" data-id=\"30bd8b9\" data-element_type=\"widget\" data-widget_type=\"heading.default\">\n\t\t\t\t<div class=\"elementor-widget-container\">\n\t\t\t<p class=\"elementor-heading-title elementor-size-default\">Cont\u00e1ctenos y construyamos juntos un futuro <br>de \u00e9xito<\/p>\t\t<\/div>\n\t\t\t\t<\/div>\n\t\t\t\t<div class=\"elementor-element elementor-element-d348fbc elementor-position-left elementor-vertical-align-middle elementor-mobile-position-left elementor-view-default elementor-widget elementor-widget-icon-box\" data-id=\"d348fbc\" data-element_type=\"widget\" data-widget_type=\"icon-box.default\">\n\t\t\t\t<div class=\"elementor-widget-container\">\n\t\t\t\t\t<div class=\"elementor-icon-box-wrapper\">\n\n\t\t\t\t\t\t<div class=\"elementor-icon-box-icon\">\n\t\t\t\t<a href=\"mailto:almenara@almenaracapitalpartners.com\" class=\"elementor-icon elementor-animation-\" tabindex=\"-1\">\n\t\t\t\t<svg xmlns=\"http:\/\/www.w3.org\/2000\/svg\" id=\"line\" viewBox=\"0 0 64 64\" width=\"512\" height=\"512\"><path d=\"M54,6.5459H10a6.00656,6.00656,0,0,0-6,6V43.4541a6.00656,6.00656,0,0,0,6,6h8.5459a24.46571,24.46571,0,0,0,13.454,12.546,24.46969,24.46969,0,0,0,13.45434-12.5459L54,49.4541a6.00656,6.00656,0,0,0,6-6V12.5459A6.00656,6.00656,0,0,0,54,6.5459ZM32.44922,59.69336,32,59.89941l-.44922-.20605A22.46778,22.46778,0,0,1,18.60156,35.43652L32,30.07715l13.39844,5.35937A22.46787,22.46787,0,0,1,32.44922,59.69336ZM58,43.4541a4.004,4.004,0,0,1-4,4H46.29211a23.6817,23.6817,0,0,0,.98816-12.82422,1.035,1.035,0,0,0-.63281-.84765L32.37109,28.07129a.99519.99519,0,0,0-.74218,0L17.35254,33.78223a1.00317,1.00317,0,0,0-.60938.73144A23.69066,23.69066,0,0,0,17.708,47.4541H10a4.004,4.004,0,0,1-4-4V12.5459a4.004,4.004,0,0,1,4-4H54a4.004,4.004,0,0,1,4,4Z\"><\/path><path d=\"M53.98633,11.1875,34.37988,22.91309a4.62574,4.62574,0,0,1-4.75976,0L10.01367,11.1875a1.00035,1.00035,0,0,0-1.02734,1.7168L28.59277,24.62988a6.63142,6.63142,0,0,0,6.81446,0L55.01367,12.9043A1.00057,1.00057,0,0,0,53.98633,11.1875Z\"><\/path><path d=\"M32,36.88867A8.12044,8.12044,0,0,0,23.88867,45c.40759,10.746,15.81665,10.743,16.22266-.00012A8.12042,8.12042,0,0,0,32,36.88867Zm0,14.22266A6.11784,6.11784,0,0,1,25.88867,45c.2865-8.0885,11.93738-8.08643,12.22266.00006A6.11783,6.11783,0,0,1,32,51.11133Z\"><\/path><path d=\"M34.12109,42.03809l-2.79394,3.80175L29.78027,44.293a1.00006,1.00006,0,0,0-1.414,1.41406l2.37006,2.37012a1.00558,1.00558,0,0,0,1.51269-.1153l3.4834-4.74017A.99985.99985,0,0,0,34.12109,42.03809Z\"><\/path><\/svg>\t\t\t\t<\/a>\n\t\t\t<\/div>\n\t\t\t\n\t\t\t\t\t\t<div class=\"elementor-icon-box-content\">\n\n\t\t\t\t\t\t\t\t\t<p class=\"elementor-icon-box-title\">\n\t\t\t\t\t\t<a href=\"mailto:almenara@almenaracapitalpartners.com\" >\n\t\t\t\t\t\t\tEmail: almenara@almenaracapitalpartners.com\t\t\t\t\t\t<\/a>\n\t\t\t\t\t<\/p>\n\t\t\t\t\n\t\t\t\t\n\t\t\t<\/div>\n\t\t\t\n\t\t<\/div>\n\t\t\t\t<\/div>\n\t\t\t\t<\/div>\n\t\t\t\t<\/div>\n\t\t<div class=\"elementor-element elementor-element-874bafb e-con-full e-flex e-con e-child\" data-id=\"874bafb\" data-element_type=\"container\">\n\t\t\t\t<div class=\"elementor-element-custom_font_size elementor-element-custom_line_height elementor-element-custom_font_family elementor-element-custom_font_weight elementor-element-custom_color elementor-element elementor-element-716fa8f elementor-widget__width-initial elementor-widget elementor-widget-text-editor\" data-id=\"716fa8f\" data-element_type=\"widget\" data-widget_type=\"text-editor.default\">\n\t\t\t\t<div class=\"elementor-widget-container\">\n\t\t\t\t\t\t\t<p>Estamos aqu\u00ed para proporcionarle m\u00e1s informaci\u00f3n y responder a cualquier consulta que pueda tener. Descubra c\u00f3mo Almenara puede ayudarle a alcanzar sus objetivos de inversi\u00f3n.<\/p>\t\t\t\t\t\t<\/div>\n\t\t\t\t<\/div>\n\t\t\t\t<div class=\"elementor-element elementor-element-859122e elementor-widget elementor-widget-shortcode\" data-id=\"859122e\" data-element_type=\"widget\" data-widget_type=\"shortcode.default\">\n\t\t\t\t<div class=\"elementor-widget-container\">\n\t\t\t\t\t<div class=\"elementor-shortcode\">\n<div class=\"wpcf7 no-js\" id=\"wpcf7-f2367-o1\" lang=\"es-ES\" dir=\"ltr\" data-wpcf7-id=\"2367\">\n<div class=\"screen-reader-response\"><p role=\"status\" aria-live=\"polite\" aria-atomic=\"true\"><\/p> <ul><\/ul><\/div>\n<form action=\"\/es\/wp-json\/wp\/v2\/pages\/2337#wpcf7-f2367-o1\" method=\"post\" class=\"wpcf7-form init\" aria-label=\"Formulario de contacto\" novalidate=\"novalidate\" data-status=\"init\">\n<fieldset class=\"hidden-fields-container\"><input type=\"hidden\" name=\"_wpcf7\" value=\"2367\" \/><input type=\"hidden\" name=\"_wpcf7_version\" value=\"6.1.5\" \/><input type=\"hidden\" name=\"_wpcf7_locale\" value=\"es_ES\" \/><input type=\"hidden\" name=\"_wpcf7_unit_tag\" value=\"wpcf7-f2367-o1\" \/><input type=\"hidden\" name=\"_wpcf7_container_post\" value=\"0\" \/><input type=\"hidden\" name=\"_wpcf7_posted_data_hash\" value=\"\" \/>\n<\/fieldset>\n<div id=\"contactForm\">\n\t<div clasas=\"twoColumns\">\n\t\t<p><span class=\"wpcf7-form-control-wrap\" data-name=\"your-name\"><input size=\"40\" maxlength=\"400\" class=\"wpcf7-form-control wpcf7-text wpcf7-validates-as-required\" aria-required=\"true\" aria-invalid=\"false\" placeholder=\"Nombre\" value=\"\" type=\"text\" name=\"your-name\" \/><\/span>\n\t\t<\/p>\n\t\t<p><span class=\"wpcf7-form-control-wrap\" data-name=\"your-email\"><input size=\"40\" maxlength=\"400\" class=\"wpcf7-form-control wpcf7-email wpcf7-validates-as-required wpcf7-text wpcf7-validates-as-email\" aria-required=\"true\" aria-invalid=\"false\" placeholder=\"Email\" value=\"\" type=\"email\" name=\"your-email\" \/><\/span>\n\t\t<\/p>\n\t<\/div>\n\t<p><span class=\"wpcf7-form-control-wrap\" data-name=\"your-message\"><textarea cols=\"40\" rows=\"10\" maxlength=\"2000\" class=\"wpcf7-form-control wpcf7-textarea\" aria-invalid=\"false\" placeholder=\"Escribe aqu\u00ed tus dudas...\" name=\"your-message\"><\/textarea><\/span><br \/>\n<span class=\"wpcf7-form-control-wrap\" data-name=\"acceptance-185\"><span class=\"wpcf7-form-control wpcf7-acceptance\"><span class=\"wpcf7-list-item\"><label><input type=\"checkbox\" name=\"acceptance-185\" value=\"1\" aria-invalid=\"false\" \/><span class=\"wpcf7-list-item-label\">He le\u00eddo y acepto el <a href=\"https:\/\/almenaracapitalpartners.com\/es\/aviso-legal\/\">Aviso legal<\/a> y la <a href=\"https:\/\/almenaracapitalpartners.com\/es\/politica-de-privacidad\/\">Pol\u00edtica de Privacidad.<\/a><\/span><\/label><\/span><\/span><\/span><br \/>\n<input class=\"wpcf7-form-control wpcf7-submit has-spinner\" type=\"submit\" value=\"Enviar\" \/>\n\t<\/p>\n<\/div><div class=\"wpcf7-response-output\" aria-hidden=\"true\"><\/div>\n<\/form>\n<\/div>\n<\/div>\n\t\t\t\t<\/div>\n\t\t\t\t<\/div>\n\t\t\t\t<div class=\"elementor-element-custom_font_size elementor-element-custom_line_height elementor-element-custom_font_family elementor-element-custom_font_weight elementor-element-custom_color elementor-element elementor-element-02bcbfe elementor-widget__width-initial elementor-widget elementor-widget-text-editor\" data-id=\"02bcbfe\" data-element_type=\"widget\" data-widget_type=\"text-editor.default\">\n\t\t\t\t<div class=\"elementor-widget-container\">\n\t\t\t\t\t\t\t<p>En ACP, valoramos su privacidad y garantizamos que todas las comunicaciones se gestionan con la m\u00e1xima confidencialidad y discreci\u00f3n.<\/p>\t\t\t\t\t\t<\/div>\n\t\t\t\t<\/div>\n\t\t\t\t<\/div>\n\t\t\t\t\t<\/div>\n\t\t\t\t<\/div>\n\t\t\t\t<\/div>\n\t\t","protected":false},"excerpt":{"rendered":"<p>Cont\u00e1ctenos y construyamos juntos un futuro de \u00e9xito \u00a0 Email: almenara@almenaracapitalpartners.com Estamos aqu\u00ed para proporcionarle m\u00e1s informaci\u00f3n y responder a cualquier consulta que pueda tener. Descubra c\u00f3mo Almenara puede ayudarle a alcanzar sus objetivos de inversi\u00f3n. En ACP, valoramos su privacidad y garantizamos que todas las comunicaciones se gestionan con la m\u00e1xima confidencialidad y discreci\u00f3n.<\/p>\n","protected":false},"author":1,"featured_media":3663,"parent":0,"menu_order":0,"comment_status":"closed","ping_status":"closed","template":"","meta":{"footnotes":""},"class_list":["post-2337","page","type-page","status-publish","has-post-thumbnail","hentry"],"yoast_head":"<!-- This site is optimized with the Yoast SEO plugin v27.4 - https:\/\/yoast.com\/product\/yoast-seo-wordpress\/ -->\n<title>Almenara Capital Partners | Contacta con nosotros<\/title>\n<meta name=\"robots\" content=\"index, follow, max-snippet:-1, max-image-preview:large, max-video-preview:-1\" \/>\n<link rel=\"canonical\" href=\"https:\/\/almenaracapitalpartners.com\/es\/contacta-con-nosotros\/\" \/>\n<meta property=\"og:locale\" content=\"es_ES\" \/>\n<meta property=\"og:type\" content=\"article\" \/>\n<meta property=\"og:title\" content=\"Almenara Capital Partners | Contacta con nosotros\" \/>\n<meta property=\"og:description\" content=\"Cont\u00e1ctenos y construyamos juntos un futuro de \u00e9xito \u00a0 Email: almenara@almenaracapitalpartners.com Estamos aqu\u00ed para proporcionarle m\u00e1s informaci\u00f3n y responder a cualquier consulta que pueda tener. Descubra c\u00f3mo Almenara puede ayudarle a alcanzar sus objetivos de inversi\u00f3n. En ACP, valoramos su privacidad y garantizamos que todas las comunicaciones se gestionan con la m\u00e1xima confidencialidad y discreci\u00f3n.\" \/>\n<meta property=\"og:url\" content=\"https:\/\/almenaracapitalpartners.com\/es\/contacta-con-nosotros\/\" \/>\n<meta property=\"og:site_name\" content=\"Boutique de inversi\u00f3n | Almenara Capital Partners\" \/>\n<meta property=\"article:modified_time\" content=\"2025-01-24T08:13:05+00:00\" \/>\n<meta property=\"og:image\" content=\"https:\/\/almenaracapitalpartners.com\/wp-content\/uploads\/2025\/01\/Logo-redes.jpg\" \/>\n\t<meta property=\"og:image:width\" content=\"300\" \/>\n\t<meta property=\"og:image:height\" content=\"300\" \/>\n\t<meta property=\"og:image:type\" content=\"image\/jpeg\" \/>\n<meta name=\"twitter:card\" content=\"summary_large_image\" \/>\n<meta name=\"twitter:image\" content=\"https:\/\/almenaracapitalpartners.com\/wp-content\/uploads\/2025\/01\/Logo-redes.jpg\" \/>\n<meta name=\"twitter:label1\" content=\"Tiempo de lectura\" \/>\n\t<meta name=\"twitter:data1\" content=\"1 minuto\" \/>\n<script type=\"application\/ld+json\" class=\"yoast-schema-graph\">{\"@context\":\"https:\\\/\\\/schema.org\",\"@graph\":[{\"@type\":\"WebPage\",\"@id\":\"https:\\\/\\\/almenaracapitalpartners.com\\\/es\\\/contacta-con-nosotros\\\/\",\"url\":\"https:\\\/\\\/almenaracapitalpartners.com\\\/es\\\/contacta-con-nosotros\\\/\",\"name\":\"Almenara Capital Partners | Contacta con nosotros\",\"isPartOf\":{\"@id\":\"https:\\\/\\\/almenaracapitalpartners.com\\\/#website\"},\"primaryImageOfPage\":{\"@id\":\"https:\\\/\\\/almenaracapitalpartners.com\\\/es\\\/contacta-con-nosotros\\\/#primaryimage\"},\"image\":{\"@id\":\"https:\\\/\\\/almenaracapitalpartners.com\\\/es\\\/contacta-con-nosotros\\\/#primaryimage\"},\"thumbnailUrl\":\"https:\\\/\\\/almenaracapitalpartners.com\\\/wp-content\\\/uploads\\\/2025\\\/01\\\/Logo-redes.jpg\",\"datePublished\":\"2024-11-27T15:31:17+00:00\",\"dateModified\":\"2025-01-24T08:13:05+00:00\",\"breadcrumb\":{\"@id\":\"https:\\\/\\\/almenaracapitalpartners.com\\\/es\\\/contacta-con-nosotros\\\/#breadcrumb\"},\"inLanguage\":\"es\",\"potentialAction\":[{\"@type\":\"ReadAction\",\"target\":[\"https:\\\/\\\/almenaracapitalpartners.com\\\/es\\\/contacta-con-nosotros\\\/\"]}]},{\"@type\":\"ImageObject\",\"inLanguage\":\"es\",\"@id\":\"https:\\\/\\\/almenaracapitalpartners.com\\\/es\\\/contacta-con-nosotros\\\/#primaryimage\",\"url\":\"https:\\\/\\\/almenaracapitalpartners.com\\\/wp-content\\\/uploads\\\/2025\\\/01\\\/Logo-redes.jpg\",\"contentUrl\":\"https:\\\/\\\/almenaracapitalpartners.com\\\/wp-content\\\/uploads\\\/2025\\\/01\\\/Logo-redes.jpg\",\"width\":300,\"height\":300},{\"@type\":\"BreadcrumbList\",\"@id\":\"https:\\\/\\\/almenaracapitalpartners.com\\\/es\\\/contacta-con-nosotros\\\/#breadcrumb\",\"itemListElement\":[{\"@type\":\"ListItem\",\"position\":1,\"name\":\"Portada\",\"item\":\"https:\\\/\\\/almenaracapitalpartners.com\\\/es\\\/\"},{\"@type\":\"ListItem\",\"position\":2,\"name\":\"Almenara Capital Partners | Contacta con nosotros\"}]},{\"@type\":\"WebSite\",\"@id\":\"https:\\\/\\\/almenaracapitalpartners.com\\\/#website\",\"url\":\"https:\\\/\\\/almenaracapitalpartners.com\\\/\",\"name\":\"Boutique de inversi\u00f3n | Almenara Capital Partners\",\"description\":\"\",\"potentialAction\":[{\"@type\":\"SearchAction\",\"target\":{\"@type\":\"EntryPoint\",\"urlTemplate\":\"https:\\\/\\\/almenaracapitalpartners.com\\\/?s={search_term_string}\"},\"query-input\":{\"@type\":\"PropertyValueSpecification\",\"valueRequired\":true,\"valueName\":\"search_term_string\"}}],\"inLanguage\":\"es\"}]}<\/script>\n<!-- \/ Yoast SEO plugin. -->","yoast_head_json":{"title":"Almenara Capital Partners | Contacta con nosotros","robots":{"index":"index","follow":"follow","max-snippet":"max-snippet:-1","max-image-preview":"max-image-preview:large","max-video-preview":"max-video-preview:-1"},"canonical":"https:\/\/almenaracapitalpartners.com\/es\/contacta-con-nosotros\/","og_locale":"es_ES","og_type":"article","og_title":"Almenara Capital Partners | Contacta con nosotros","og_description":"Cont\u00e1ctenos y construyamos juntos un futuro de \u00e9xito \u00a0 Email: almenara@almenaracapitalpartners.com Estamos aqu\u00ed para proporcionarle m\u00e1s informaci\u00f3n y responder a cualquier consulta que pueda tener. Descubra c\u00f3mo Almenara puede ayudarle a alcanzar sus objetivos de inversi\u00f3n. En ACP, valoramos su privacidad y garantizamos que todas las comunicaciones se gestionan con la m\u00e1xima confidencialidad y discreci\u00f3n.","og_url":"https:\/\/almenaracapitalpartners.com\/es\/contacta-con-nosotros\/","og_site_name":"Boutique de inversi\u00f3n | Almenara Capital Partners","article_modified_time":"2025-01-24T08:13:05+00:00","og_image":[{"width":300,"height":300,"url":"https:\/\/almenaracapitalpartners.com\/wp-content\/uploads\/2025\/01\/Logo-redes.jpg","type":"image\/jpeg"}],"twitter_card":"summary_large_image","twitter_image":"https:\/\/almenaracapitalpartners.com\/wp-content\/uploads\/2025\/01\/Logo-redes.jpg","twitter_misc":{"Tiempo de lectura":"1 minuto"},"schema":{"@context":"https:\/\/schema.org","@graph":[{"@type":"WebPage","@id":"https:\/\/almenaracapitalpartners.com\/es\/contacta-con-nosotros\/","url":"https:\/\/almenaracapitalpartners.com\/es\/contacta-con-nosotros\/","name":"Almenara Capital Partners | Contacta con nosotros","isPartOf":{"@id":"https:\/\/almenaracapitalpartners.com\/#website"},"primaryImageOfPage":{"@id":"https:\/\/almenaracapitalpartners.com\/es\/contacta-con-nosotros\/#primaryimage"},"image":{"@id":"https:\/\/almenaracapitalpartners.com\/es\/contacta-con-nosotros\/#primaryimage"},"thumbnailUrl":"https:\/\/almenaracapitalpartners.com\/wp-content\/uploads\/2025\/01\/Logo-redes.jpg","datePublished":"2024-11-27T15:31:17+00:00","dateModified":"2025-01-24T08:13:05+00:00","breadcrumb":{"@id":"https:\/\/almenaracapitalpartners.com\/es\/contacta-con-nosotros\/#breadcrumb"},"inLanguage":"es","potentialAction":[{"@type":"ReadAction","target":["https:\/\/almenaracapitalpartners.com\/es\/contacta-con-nosotros\/"]}]},{"@type":"ImageObject","inLanguage":"es","@id":"https:\/\/almenaracapitalpartners.com\/es\/contacta-con-nosotros\/#primaryimage","url":"https:\/\/almenaracapitalpartners.com\/wp-content\/uploads\/2025\/01\/Logo-redes.jpg","contentUrl":"https:\/\/almenaracapitalpartners.com\/wp-content\/uploads\/2025\/01\/Logo-redes.jpg","width":300,"height":300},{"@type":"BreadcrumbList","@id":"https:\/\/almenaracapitalpartners.com\/es\/contacta-con-nosotros\/#breadcrumb","itemListElement":[{"@type":"ListItem","position":1,"name":"Portada","item":"https:\/\/almenaracapitalpartners.com\/es\/"},{"@type":"ListItem","position":2,"name":"Almenara Capital Partners | Contacta con nosotros"}]},{"@type":"WebSite","@id":"https:\/\/almenaracapitalpartners.com\/#website","url":"https:\/\/almenaracapitalpartners.com\/","name":"Boutique de inversi\u00f3n | Almenara Capital Partners","description":"","potentialAction":[{"@type":"SearchAction","target":{"@type":"EntryPoint","urlTemplate":"https:\/\/almenaracapitalpartners.com\/?s={search_term_string}"},"query-input":{"@type":"PropertyValueSpecification","valueRequired":true,"valueName":"search_term_string"}}],"inLanguage":"es"}]}},"_links":{"self":[{"href":"https:\/\/almenaracapitalpartners.com\/es\/wp-json\/wp\/v2\/pages\/2337","targetHints":{"allow":["GET"]}}],"collection":[{"href":"https:\/\/almenaracapitalpartners.com\/es\/wp-json\/wp\/v2\/pages"}],"about":[{"href":"https:\/\/almenaracapitalpartners.com\/es\/wp-json\/wp\/v2\/types\/page"}],"author":[{"embeddable":true,"href":"https:\/\/almenaracapitalpartners.com\/es\/wp-json\/wp\/v2\/users\/1"}],"replies":[{"embeddable":true,"href":"https:\/\/almenaracapitalpartners.com\/es\/wp-json\/wp\/v2\/comments?post=2337"}],"version-history":[{"count":29,"href":"https:\/\/almenaracapitalpartners.com\/es\/wp-json\/wp\/v2\/pages\/2337\/revisions"}],"predecessor-version":[{"id":3672,"href":"https:\/\/almenaracapitalpartners.com\/es\/wp-json\/wp\/v2\/pages\/2337\/revisions\/3672"}],"wp:featuredmedia":[{"embeddable":true,"href":"https:\/\/almenaracapitalpartners.com\/es\/wp-json\/wp\/v2\/media\/3663"}],"wp:attachment":[{"href":"https:\/\/almenaracapitalpartners.com\/es\/wp-json\/wp\/v2\/media?parent=2337"}],"curies":[{"name":"wp","href":"https:\/\/api.w.org\/{rel}","templated":true}]}}