{"id":2303,"date":"2024-11-21T09:51:00","date_gmt":"2024-11-21T08:51:00","guid":{"rendered":"https:\/\/developer8.cease.es\/almenara\/about-us\/"},"modified":"2025-01-24T09:12:49","modified_gmt":"2025-01-24T08:12:49","slug":"quienes-somos","status":"publish","type":"page","link":"https:\/\/almenaracapitalpartners.com\/es\/quienes-somos\/","title":{"rendered":"Almenara Capital Partners | \u00bfQuienes somos?"},"content":{"rendered":"\t\t<div data-elementor-type=\"wp-page\" data-elementor-id=\"2303\" class=\"elementor elementor-2303 elementor-12\" data-elementor-post-type=\"page\">\n\t\t\t\t<div class=\"elementor-element elementor-element-3e69af2 e-flex e-con-boxed e-con e-parent\" data-id=\"3e69af2\" data-element_type=\"container\" data-settings=\"{&quot;background_background&quot;:&quot;video&quot;,&quot;background_video_link&quot;:&quot;https:\\\/\\\/almenaracapitalpartners.com\\\/wp-content\\\/uploads\\\/2024\\\/12\\\/1518262_Top_Aerial_1920x1080.mp4&quot;,&quot;background_play_on_mobile&quot;:&quot;yes&quot;}\">\n\t\t\t\t\t<div class=\"e-con-inner\">\n\t\t<div class=\"elementor-background-video-container\">\n\t\t\t\t\t\t\t<video class=\"elementor-background-video-hosted elementor-html5-video\" autoplay muted playsinline loop><\/video>\n\t\t\t\t\t<\/div>\t\t<div class=\"elementor-element-custom_font_size elementor-element-custom_font_size_mobile elementor-element-custom_line_height elementor-element-custom_font_family elementor-element-custom_font_weight elementor-element-custom_color elementor-element elementor-element-74db725 elementor-widget__width-inherit elementor-widget elementor-widget-text-editor\" data-id=\"74db725\" data-element_type=\"widget\" data-widget_type=\"text-editor.default\">\n\t\t\t\t<div class=\"elementor-widget-container\">\n\t\t\t\t\t\t\t<strong>Establecida en 2023 y respaldada por d\u00e9cadas de experiencia colectiva,<\/strong> <h1><strong>Almenara Capital Partners (ACP) es una boutique de inversi\u00f3n de primer nivel<\/strong><\/h1>\n<strong> enfocada en Private Equity, orientada a clientes del mercado medio en activos alternativos y soluciones financieras.<\/strong>\t\t\t\t\t\t<\/div>\n\t\t\t\t<\/div>\n\t\t\t\t\t<\/div>\n\t\t\t\t<\/div>\n\t\t<div class=\"elementor-element elementor-element-fbcb3fc e-flex e-con-boxed e-con e-parent\" data-id=\"fbcb3fc\" data-element_type=\"container\">\n\t\t\t\t\t<div class=\"e-con-inner\">\n\t\t<div class=\"elementor-element elementor-element-148167a e-con-full e-flex e-con e-child\" data-id=\"148167a\" data-element_type=\"container\">\n\t\t<div class=\"elementor-element elementor-element-b60e8cd e-con-full e-flex e-con e-child\" data-id=\"b60e8cd\" data-element_type=\"container\">\n\t\t\t\t<div class=\"elementor-element-custom_font_size elementor-element-custom_font_family elementor-element-custom_font_weight elementor-element-custom_color elementor-element elementor-element-2b098ce elementor-widget elementor-widget-text-editor\" data-id=\"2b098ce\" data-element_type=\"widget\" data-widget_type=\"text-editor.default\">\n\t\t\t\t<div class=\"elementor-widget-container\">\n\t\t\t\t\t\t\t<p><strong>\u00bfQUI\u00c9NES SOMOS?<\/strong><\/p>\t\t\t\t\t\t<\/div>\n\t\t\t\t<\/div>\n\t\t\t\t<\/div>\n\t\t\t\t<div class=\"elementor-element-custom_font_size elementor-element-custom_line_height elementor-element-custom_font_family elementor-element-custom_font_weight elementor-element-custom_color elementor-element elementor-element-93e5a98 elementor-widget__width-initial elementor-widget elementor-widget-text-editor\" data-id=\"93e5a98\" data-element_type=\"widget\" data-widget_type=\"text-editor.default\">\n\t\t\t\t<div class=\"elementor-widget-container\">\n\t\t\t\t\t\t\t<p><strong>En ACP, nuestra misi\u00f3n es forjar alianzas duraderas con nuestros socios <\/strong>y actuar como administradores responsables de las empresas que apoyamos. Nuestro objetivo es generar rendimientos excepcionales y, al mismo tiempo, promover pr\u00e1cticas sostenibles que equilibren resultados financieros s\u00f3lidos con la protecci\u00f3n del medio ambiente, la responsabilidad social y una gobernanza eficaz.<\/p><p><strong>Prestamos servicios a empresas, inversores institucionales y particulares con grandes patrimonios,<\/strong> centr\u00e1ndonos en una gesti\u00f3n disciplinada del riesgo y en la creaci\u00f3n de valor mediante una profunda experiencia industrial y estrategias de inversi\u00f3n innovadoras.<\/p>\t\t\t\t\t\t<\/div>\n\t\t\t\t<\/div>\n\t\t\t\t<div class=\"elementor-element-custom_font_size elementor-element-custom_line_height elementor-element-custom_font_family elementor-element-custom_font_weight elementor-element-custom_color elementor-element elementor-element-fa8245f elementor-widget__width-initial elementor-widget elementor-widget-text-editor\" data-id=\"fa8245f\" data-element_type=\"widget\" data-widget_type=\"text-editor.default\">\n\t\t\t\t<div class=\"elementor-widget-container\">\n\t\t\t\t\t\t\t<p><strong>Nuestro equipo est\u00e1 compuesto por empresarios, gestores y expertos financieros<\/strong> con una amplia experiencia, dedicados a ofrecer servicios superiores de gesti\u00f3n alternativa de activos y asesoramiento financiero.<\/p><p><strong>Estamos convencidos de que nuestra mentalidad \u00fanica y nuestro enfoque de inversi\u00f3n aportan un valor duradero.<\/strong> Un valor que compartimos con orgullo con nuestros clientes, los fundadores y los equipos directivos de las empresas a las que apoyamos, sabiendo que juntos generamos un impacto significativo y positivo.<\/p>\t\t\t\t\t\t<\/div>\n\t\t\t\t<\/div>\n\t\t\t\t<\/div>\n\t\t\t\t\t<\/div>\n\t\t\t\t<\/div>\n\t\t<div class=\"elementor-element elementor-element-4782cda e-flex e-con-boxed e-con e-parent\" data-id=\"4782cda\" data-element_type=\"container\">\n\t\t\t\t\t<div class=\"e-con-inner\">\n\t\t\t\t<div class=\"elementor-element elementor-element-ceb2517 elementor-widget__width-initial elementor-widget elementor-widget-heading\" data-id=\"ceb2517\" data-element_type=\"widget\" data-widget_type=\"heading.default\">\n\t\t\t\t<div class=\"elementor-widget-container\">\n\t\t\t<h2 class=\"elementor-heading-title elementor-size-default\">Con sede en Luxemburgo, operamos tambi\u00e9n desde nuestras oficinas en Madrid y Londres, lo que nos permite ofrecer a nuestros clientes una perspectiva global con una visi\u00f3n local.<\/h2>\t\t<\/div>\n\t\t\t\t<\/div>\n\t\t\t\t\t<\/div>\n\t\t\t\t<\/div>\n\t\t\t\t<\/div>\n\t\t","protected":false},"excerpt":{"rendered":"<p>Establecida en 2023 y respaldada por d\u00e9cadas de experiencia colectiva, Almenara Capital Partners (ACP) es una boutique de inversi\u00f3n de primer nivel enfocada en Private Equity, orientada a clientes del mercado medio en activos alternativos y soluciones financieras. \u00bfQUI\u00c9NES SOMOS? En ACP, nuestra misi\u00f3n es forjar alianzas duraderas con nuestros socios y actuar como administradores [&hellip;]<\/p>\n","protected":false},"author":1,"featured_media":3663,"parent":0,"menu_order":0,"comment_status":"closed","ping_status":"closed","template":"","meta":{"footnotes":""},"class_list":["post-2303","page","type-page","status-publish","has-post-thumbnail","hentry"],"yoast_head":"<!-- This site is optimized with the Yoast SEO plugin v27.4 - https:\/\/yoast.com\/product\/yoast-seo-wordpress\/ -->\n<title>Almenara Capital Partners | \u00bfQuienes somos?<\/title>\n<meta name=\"description\" content=\"M\u00e1s informaci\u00f3n sobre Almenara, l\u00edder en servicios financieros. Explore nuestra misi\u00f3n, visi\u00f3n y compromiso para ofrecer soluciones de inversi\u00f3n excepcionales.\" \/>\n<meta name=\"robots\" content=\"index, follow, max-snippet:-1, max-image-preview:large, max-video-preview:-1\" \/>\n<link rel=\"canonical\" href=\"https:\/\/almenaracapitalpartners.com\/es\/quienes-somos\/\" \/>\n<meta property=\"og:locale\" content=\"es_ES\" \/>\n<meta property=\"og:type\" content=\"article\" \/>\n<meta property=\"og:title\" content=\"Almenara Capital Partners | \u00bfQuienes somos?\" \/>\n<meta property=\"og:description\" content=\"M\u00e1s informaci\u00f3n sobre Almenara, l\u00edder en servicios financieros. Explore nuestra misi\u00f3n, visi\u00f3n y compromiso para ofrecer soluciones de inversi\u00f3n excepcionales.\" \/>\n<meta property=\"og:url\" content=\"https:\/\/almenaracapitalpartners.com\/es\/quienes-somos\/\" \/>\n<meta property=\"og:site_name\" content=\"Boutique de inversi\u00f3n | Almenara Capital Partners\" \/>\n<meta property=\"article:modified_time\" content=\"2025-01-24T08:12:49+00:00\" \/>\n<meta property=\"og:image\" content=\"https:\/\/almenaracapitalpartners.com\/wp-content\/uploads\/2025\/01\/Logo-redes.jpg\" \/>\n\t<meta property=\"og:image:width\" content=\"300\" \/>\n\t<meta property=\"og:image:height\" content=\"300\" \/>\n\t<meta property=\"og:image:type\" content=\"image\/jpeg\" \/>\n<meta name=\"twitter:card\" content=\"summary_large_image\" \/>\n<meta name=\"twitter:image\" content=\"https:\/\/almenaracapitalpartners.com\/wp-content\/uploads\/2025\/01\/Logo-redes.jpg\" \/>\n<meta name=\"twitter:label1\" content=\"Tiempo de lectura\" \/>\n\t<meta name=\"twitter:data1\" content=\"2 minutos\" \/>\n<script type=\"application\/ld+json\" class=\"yoast-schema-graph\">{\"@context\":\"https:\\\/\\\/schema.org\",\"@graph\":[{\"@type\":\"WebPage\",\"@id\":\"https:\\\/\\\/almenaracapitalpartners.com\\\/es\\\/quienes-somos\\\/\",\"url\":\"https:\\\/\\\/almenaracapitalpartners.com\\\/es\\\/quienes-somos\\\/\",\"name\":\"Almenara Capital Partners | \u00bfQuienes somos?\",\"isPartOf\":{\"@id\":\"https:\\\/\\\/almenaracapitalpartners.com\\\/#website\"},\"primaryImageOfPage\":{\"@id\":\"https:\\\/\\\/almenaracapitalpartners.com\\\/es\\\/quienes-somos\\\/#primaryimage\"},\"image\":{\"@id\":\"https:\\\/\\\/almenaracapitalpartners.com\\\/es\\\/quienes-somos\\\/#primaryimage\"},\"thumbnailUrl\":\"https:\\\/\\\/almenaracapitalpartners.com\\\/wp-content\\\/uploads\\\/2025\\\/01\\\/Logo-redes.jpg\",\"datePublished\":\"2024-11-21T08:51:00+00:00\",\"dateModified\":\"2025-01-24T08:12:49+00:00\",\"description\":\"M\u00e1s informaci\u00f3n sobre Almenara, l\u00edder en servicios financieros. Explore nuestra misi\u00f3n, visi\u00f3n y compromiso para ofrecer soluciones de inversi\u00f3n excepcionales.\",\"breadcrumb\":{\"@id\":\"https:\\\/\\\/almenaracapitalpartners.com\\\/es\\\/quienes-somos\\\/#breadcrumb\"},\"inLanguage\":\"es\",\"potentialAction\":[{\"@type\":\"ReadAction\",\"target\":[\"https:\\\/\\\/almenaracapitalpartners.com\\\/es\\\/quienes-somos\\\/\"]}]},{\"@type\":\"ImageObject\",\"inLanguage\":\"es\",\"@id\":\"https:\\\/\\\/almenaracapitalpartners.com\\\/es\\\/quienes-somos\\\/#primaryimage\",\"url\":\"https:\\\/\\\/almenaracapitalpartners.com\\\/wp-content\\\/uploads\\\/2025\\\/01\\\/Logo-redes.jpg\",\"contentUrl\":\"https:\\\/\\\/almenaracapitalpartners.com\\\/wp-content\\\/uploads\\\/2025\\\/01\\\/Logo-redes.jpg\",\"width\":300,\"height\":300},{\"@type\":\"BreadcrumbList\",\"@id\":\"https:\\\/\\\/almenaracapitalpartners.com\\\/es\\\/quienes-somos\\\/#breadcrumb\",\"itemListElement\":[{\"@type\":\"ListItem\",\"position\":1,\"name\":\"Portada\",\"item\":\"https:\\\/\\\/almenaracapitalpartners.com\\\/es\\\/\"},{\"@type\":\"ListItem\",\"position\":2,\"name\":\"Almenara Capital Partners | \u00bfQuienes somos?\"}]},{\"@type\":\"WebSite\",\"@id\":\"https:\\\/\\\/almenaracapitalpartners.com\\\/#website\",\"url\":\"https:\\\/\\\/almenaracapitalpartners.com\\\/\",\"name\":\"Boutique de inversi\u00f3n | Almenara Capital Partners\",\"description\":\"\",\"potentialAction\":[{\"@type\":\"SearchAction\",\"target\":{\"@type\":\"EntryPoint\",\"urlTemplate\":\"https:\\\/\\\/almenaracapitalpartners.com\\\/?s={search_term_string}\"},\"query-input\":{\"@type\":\"PropertyValueSpecification\",\"valueRequired\":true,\"valueName\":\"search_term_string\"}}],\"inLanguage\":\"es\"}]}<\/script>\n<!-- \/ Yoast SEO plugin. -->","yoast_head_json":{"title":"Almenara Capital Partners | \u00bfQuienes somos?","description":"M\u00e1s informaci\u00f3n sobre Almenara, l\u00edder en servicios financieros. Explore nuestra misi\u00f3n, visi\u00f3n y compromiso para ofrecer soluciones de inversi\u00f3n excepcionales.","robots":{"index":"index","follow":"follow","max-snippet":"max-snippet:-1","max-image-preview":"max-image-preview:large","max-video-preview":"max-video-preview:-1"},"canonical":"https:\/\/almenaracapitalpartners.com\/es\/quienes-somos\/","og_locale":"es_ES","og_type":"article","og_title":"Almenara Capital Partners | \u00bfQuienes somos?","og_description":"M\u00e1s informaci\u00f3n sobre Almenara, l\u00edder en servicios financieros. Explore nuestra misi\u00f3n, visi\u00f3n y compromiso para ofrecer soluciones de inversi\u00f3n excepcionales.","og_url":"https:\/\/almenaracapitalpartners.com\/es\/quienes-somos\/","og_site_name":"Boutique de inversi\u00f3n | Almenara Capital Partners","article_modified_time":"2025-01-24T08:12:49+00:00","og_image":[{"width":300,"height":300,"url":"https:\/\/almenaracapitalpartners.com\/wp-content\/uploads\/2025\/01\/Logo-redes.jpg","type":"image\/jpeg"}],"twitter_card":"summary_large_image","twitter_image":"https:\/\/almenaracapitalpartners.com\/wp-content\/uploads\/2025\/01\/Logo-redes.jpg","twitter_misc":{"Tiempo de lectura":"2 minutos"},"schema":{"@context":"https:\/\/schema.org","@graph":[{"@type":"WebPage","@id":"https:\/\/almenaracapitalpartners.com\/es\/quienes-somos\/","url":"https:\/\/almenaracapitalpartners.com\/es\/quienes-somos\/","name":"Almenara Capital Partners | \u00bfQuienes somos?","isPartOf":{"@id":"https:\/\/almenaracapitalpartners.com\/#website"},"primaryImageOfPage":{"@id":"https:\/\/almenaracapitalpartners.com\/es\/quienes-somos\/#primaryimage"},"image":{"@id":"https:\/\/almenaracapitalpartners.com\/es\/quienes-somos\/#primaryimage"},"thumbnailUrl":"https:\/\/almenaracapitalpartners.com\/wp-content\/uploads\/2025\/01\/Logo-redes.jpg","datePublished":"2024-11-21T08:51:00+00:00","dateModified":"2025-01-24T08:12:49+00:00","description":"M\u00e1s informaci\u00f3n sobre Almenara, l\u00edder en servicios financieros. Explore nuestra misi\u00f3n, visi\u00f3n y compromiso para ofrecer soluciones de inversi\u00f3n excepcionales.","breadcrumb":{"@id":"https:\/\/almenaracapitalpartners.com\/es\/quienes-somos\/#breadcrumb"},"inLanguage":"es","potentialAction":[{"@type":"ReadAction","target":["https:\/\/almenaracapitalpartners.com\/es\/quienes-somos\/"]}]},{"@type":"ImageObject","inLanguage":"es","@id":"https:\/\/almenaracapitalpartners.com\/es\/quienes-somos\/#primaryimage","url":"https:\/\/almenaracapitalpartners.com\/wp-content\/uploads\/2025\/01\/Logo-redes.jpg","contentUrl":"https:\/\/almenaracapitalpartners.com\/wp-content\/uploads\/2025\/01\/Logo-redes.jpg","width":300,"height":300},{"@type":"BreadcrumbList","@id":"https:\/\/almenaracapitalpartners.com\/es\/quienes-somos\/#breadcrumb","itemListElement":[{"@type":"ListItem","position":1,"name":"Portada","item":"https:\/\/almenaracapitalpartners.com\/es\/"},{"@type":"ListItem","position":2,"name":"Almenara Capital Partners | \u00bfQuienes somos?"}]},{"@type":"WebSite","@id":"https:\/\/almenaracapitalpartners.com\/#website","url":"https:\/\/almenaracapitalpartners.com\/","name":"Boutique de inversi\u00f3n | Almenara Capital Partners","description":"","potentialAction":[{"@type":"SearchAction","target":{"@type":"EntryPoint","urlTemplate":"https:\/\/almenaracapitalpartners.com\/?s={search_term_string}"},"query-input":{"@type":"PropertyValueSpecification","valueRequired":true,"valueName":"search_term_string"}}],"inLanguage":"es"}]}},"_links":{"self":[{"href":"https:\/\/almenaracapitalpartners.com\/es\/wp-json\/wp\/v2\/pages\/2303","targetHints":{"allow":["GET"]}}],"collection":[{"href":"https:\/\/almenaracapitalpartners.com\/es\/wp-json\/wp\/v2\/pages"}],"about":[{"href":"https:\/\/almenaracapitalpartners.com\/es\/wp-json\/wp\/v2\/types\/page"}],"author":[{"embeddable":true,"href":"https:\/\/almenaracapitalpartners.com\/es\/wp-json\/wp\/v2\/users\/1"}],"replies":[{"embeddable":true,"href":"https:\/\/almenaracapitalpartners.com\/es\/wp-json\/wp\/v2\/comments?post=2303"}],"version-history":[{"count":62,"href":"https:\/\/almenaracapitalpartners.com\/es\/wp-json\/wp\/v2\/pages\/2303\/revisions"}],"predecessor-version":[{"id":3671,"href":"https:\/\/almenaracapitalpartners.com\/es\/wp-json\/wp\/v2\/pages\/2303\/revisions\/3671"}],"wp:featuredmedia":[{"embeddable":true,"href":"https:\/\/almenaracapitalpartners.com\/es\/wp-json\/wp\/v2\/media\/3663"}],"wp:attachment":[{"href":"https:\/\/almenaracapitalpartners.com\/es\/wp-json\/wp\/v2\/media?parent=2303"}],"curies":[{"name":"wp","href":"https:\/\/api.w.org\/{rel}","templated":true}]}}